{"id":713,"date":"2022-05-23T15:20:55","date_gmt":"2022-05-23T15:20:55","guid":{"rendered":"https:\/\/edelifeclinicaltrial.com\/politica-sulla-riservatezza\/"},"modified":"2022-10-19T06:49:22","modified_gmt":"2022-10-19T06:49:22","slug":"politica-sulla-riservatezza","status":"publish","type":"page","link":"https:\/\/edelifeclinicaltrial.com\/it\/politica-sulla-riservatezza\/","title":{"rendered":"Politica sulla riservatezza"},"content":{"rendered":"\n<h2 class=\"has-large-font-size wp-block-heading\">Politica di protezione dei dati personali del Gruppo Pierre Fabre<\/h2>\n\n\n\n<p>Grazie per aver visitato il nostro sito web. La protezione e la sicurezza dei dati personali dei nostri clienti e utenti \u00e8 una preoccupazione fondamentale per il Gruppo Pierre Fabre.<\/p>\n\n\n\n<p>La presente Informativa sulla privacy spiega quali dati vengono raccolti quando si consulta e si utilizza il nostro sito web e come vengono elaborati.<\/p>\n\n\n\n<h3 class=\"has-text-color wp-block-heading\" style=\"color:#295493\">I - Chi siamo?<\/h3>\n\n\n\n<p>Il presente sito web (di seguito il \"Sito\") \u00e8 gestito da Pierre Fabre M\u00e9dicament<\/p>\n\n\n\n<p>Soci\u00e9t\u00e9 par actions simplifi\u00e9e, con sede a Les Cauquillous - 81500 LAVAUR - Francia (di seguito \"Pierre Fabre\" o \"Noi\"), che \u00e8 responsabile del trattamento dei dati personali eventualmente raccolti dall'utente sul Sito web per le finalit\u00e0 descritte di seguito.<\/p>\n\n\n\n<p>Vi invitiamo a leggere attentamente la presente Informativa sulla privacy per conoscere le condizioni di trattamento dei vostri dati personali quando consultate il nostro sito web. Si prega di notare che pu\u00f2 essere aggiornata in qualsiasi momento da Pierre Fabre. La data dell'ultimo aggiornamento apparir\u00e0 su questa pagina. Vi invitiamo pertanto a consultarla regolarmente.<\/p>\n\n\n\n<h3 class=\"has-text-color wp-block-heading\" style=\"color:#295493\">II - Informazioni che raccogliamo su di voi<\/h3>\n\n\n\n<p>A seconda dei servizi del nostro Sito Web che utilizzate e della configurazione del terminale da voi scelta (in particolare per quanto riguarda i cookie e altri tracker), i dati personali che vi riguardano (di seguito denominati \"i vostri Dati personali\") raccolti e trattati da Pierre Fabre sono :<\/p>\n\n\n\n<p>I dati generati dal vostro browser, raccolti automaticamente dal nostro server attraverso \"cookies e altri traccianti\": Dati specifici dei siti visitati: il nome del dominio; la data, l'ora e la durata della visita; le pagine e consultate.<\/p>\n\n\n\n<p>Dati specifici dell'utente: indirizzo IP (posizione del punto di ingresso nella rete; tipo di browser, sistema operativo),<\/p>\n\n\n\n<p>Non utilizziamo questi Dati personali raccolti automaticamente per cercare di identificarvi, n\u00e9 li mettiamo in relazione con i Dati personali sopra descritti che ci fornite.<\/p>\n\n\n\n<p>Potremmo anche ottenere informazioni personali sull'utente da terze parti (ad esempio dal profilo di un social network se l'utente ha effettuato l'accesso all'area riservata con il proprio profilo di social network).<\/p>\n\n\n\n<h3 class=\"has-text-color wp-block-heading\" style=\"color:#295493\">III - Finalit\u00e0 del trattamento dei vostri dati personali<\/h3>\n\n\n\n<p>Di seguito troverete una panoramica delle finalit\u00e0 per le quali trattiamo i vostri dati personali e le ragioni per le quali abbiamo bisogno di trattarli.<\/p>\n\n\n\n<figure id=\"privacy-tables\" class=\"wp-block-table\"><table><thead><tr><th><strong>Finalit\u00e0 del trattamento<\/strong><\/th><th><strong>Base giuridica associata<\/strong><\/th><\/tr><\/thead><tbody><tr><td>Eseguire analisi statistiche<\/td><td>Il vostro consenso<\/td><\/tr><\/tbody><\/table><\/figure>\n\n\n\n<h3 class=\"has-text-color wp-block-heading\" style=\"color:#295493\">IV - Comunicazione e trasferimento dei dati personali<\/h3>\n\n\n\n<p>Facciamo parte del Gruppo Pierre Fabre a livello mondiale e di tanto in tanto potremmo aver bisogno di comunicare i vostri Dati personali all'interno del Gruppo Pierre Fabre per gli scopi sopra indicati.<\/p>\n\n\n\n<p>Possiamo anche nominare fornitori di servizi terzi (che agiranno secondo le nostre istruzioni) per assisterci nel fornirvi informazioni, prodotti o servizi, per condurre e gestire la nostra attivit\u00e0 o per gestire e migliorare il nostro Sito web. In tal caso, queste terze parti potrebbero avere bisogno di accedere ai vostri Dati personali.<br>Se i vostri Dati personali vengono trasferiti al di fuori del SEE (Spazio Economico Europeo) ad altre societ\u00e0 del Gruppo Pierre Fabre o a fornitori di servizi, adotteremo misure per garantire che i vostri Dati personali beneficino dello stesso livello di protezione che avrebbero avuto se fossero rimasti all'interno del SEE, anche stipulando contratti di trasferimento dei dati, sulla base delle clausole contrattuali standard approvate dalla Commissione Europea aggiornate o riviste o di altri meccanismi di trasferimento quali, se del caso, decisioni di adeguatezza, Norme Vincolanti d'Impresa o contratti approvati dalle Autorit\u00e0 di Protezione dei Dati dell'UE.<\/p>\n\n\n\n<p>Potremmo inoltre divulgare i vostri dati personali a terzi in relazione a qualsiasi vendita effettiva o potenziale di Pierre Fabre o di qualsiasi attivit\u00e0 di nostra propriet\u00e0 o di societ\u00e0 affiliate, nel qual caso i dati personali in nostro possesso relativi ai nostri utenti potrebbero rientrare tra le attivit\u00e0 trasferite.<\/p>\n\n\n\n<p>Risponderemo inoltre alle richieste di informazioni se siamo tenuti a farlo per legge, o se tale divulgazione \u00e8 necessaria per proteggere i nostri diritti e\/o per ottemperare a un'ordinanza del tribunale, a una richiesta di un ente regolatore o a qualsiasi altro procedimento legale o amministrativo nei nostri confronti.<\/p>\n\n\n\n<h3 class=\"has-text-color wp-block-heading\" style=\"color:#295493\">V - Conservazione dei dati personali<\/h3>\n\n\n\n<p>Di norma, conserviamo i vostri dati personali solo per il tempo necessario a raggiungere gli scopi per cui sono stati raccolti.<\/p>\n\n\n\n<p>Conserviamo i vostri dati personali solo per il tempo strettamente necessario a gestire il rapporto con voi.<\/p>\n\n\n\n<p>Tuttavia, conserveremo i vostri Dati personali per scopi di marketing per tre anni dalla data dell'ultima interazione tra noi se non siete clienti e finch\u00e9 resteremo in contatto con voi attraverso le nostre attivit\u00e0 promozionali se siete clienti, a meno che non vi opponiate quando ricevete uno dei nostri messaggi di marketing.<\/p>\n\n\n\n<p>Gli indirizzi IP raccolti per motivi di sicurezza non saranno conservati per pi\u00f9 di 10 giorni.<\/p>\n\n\n\n<p>Infine, i log di connessione raccolti saranno conservati, previo consenso dell'utente, tramite i cookie e gli altri tracker utilizzati sul nostro Sito web, per un periodo non superiore a tredici (13) mesi, in conformit\u00e0 alle leggi e ai regolamenti applicabili. Per maggiori dettagli, si prega di consultare la sezione \"Cookie\" di seguito.<\/p>\n\n\n\n<p>Potremmo aver bisogno di conservare i vostri Dati personali in forma archivistica oltre il periodo indicato di seguito per adempiere ai nostri obblighi legali o, se necessario in considerazione della prescrizione applicabile, per far valere uno dei nostri diritti.<\/p>\n\n\n\n<p>Una volta che i vostri Dati personali non sono pi\u00f9 necessari per gli scopi o per l'archiviazione per soddisfare i nostri obblighi legali o per la prescrizione, ci assicuriamo che vengano distrutti o resi anonimi.<\/p>\n\n\n\n<h3 class=\"has-text-color wp-block-heading\" style=\"color:#295493\">VI - Collegamenti esterni<\/h3>\n\n\n\n<p>Il Sito pu\u00f2 contenere link a siti di terzi. Poich\u00e9 Pierre Fabre non ha alcun controllo su questi siti e non \u00e8 responsabile delle loro pratiche di protezione dei dati, vi invitiamo a verificare le politiche di protezione dei dati di questi siti terzi. Questa politica si applica esclusivamente ai Dati personali raccolti dai nostri siti web o durante le nostre attivit\u00e0.<\/p>\n\n\n\n<h3 class=\"has-text-color wp-block-heading\" style=\"color:#295493\">VI -  I vostri diritti<\/h3>\n\n\n\n<p>In conformit\u00e0 alla normativa vigente, l'utente ha i seguenti diritti in relazione ai propri Dati personali:<\/p>\n\n\n\n<ul class=\"wp-block-list\"><li>Ottenere una copia dei propri Dati Personali, informazioni sulle modalit\u00e0 di trattamento e sulla loro base giuridica.<\/li><li>Rettifica di dati personali errati (compreso il diritto di completare dati personali incompleti);<\/li><li>Cancellare i vostri dati personali nella misura in cui la base giuridica lo consenta. Inoltre, in alcuni casi questo diritto pu\u00f2 applicarsi solo quando non \u00e8 pi\u00f9 necessario per raggiungere gli scopi per cui sono stati raccolti o elaborati.<\/li><li>Limitare il trattamento dei vostri dati personali quando:<ul><li>L'esattezza dei Dati personali \u00e8 contestata;<\/li><li>Il trattamento \u00e8 illegale, ma l'utente si oppone alla cancellazione dei suoi Dati personali.<\/li><li>Non abbiamo pi\u00f9 bisogno dei vostri dati personali, ma sono ancora necessari per l'accertamento, l'esercizio o la definizione di un diritto in sede giudiziaria.<\/li><\/ul><\/li><li>Richiedere la portabilit\u00e0 dei vostri dati personali in forma leggibile a macchina a una terza parte (o a voi) se il nostro trattamento si basa sul vostro consenso o sull'esecuzione di un contratto con voi.<\/li><li>Ottenere o consultare una copia delle misure appropriate adottate per trasferire i vostri dati personali a un paese terzo o a un'organizzazione internazionale.<\/li><li>revocare il consenso al trattamento dei vostri Dati personali (se tale trattamento \u00e8 basato sul vostro consenso) senza pregiudicare la liceit\u00e0 del trattamento basato sul consenso effettuato prima della revoca di tale consenso.<\/li><li>Fornire istruzioni generali o specifiche sulle modalit\u00e0 di trattamento e utilizzo dei vostri Dati personali dopo la vostra morte.<\/li><li>Opporsi in qualsiasi momento al trattamento per finalit\u00e0 di canvassing. In Francia, per evitare qualsiasi contatto telefonico, registrarsi gratuitamente sul sito https:\/\/www.bloctel.gouv.fr\/. Per gli altri Paesi, contattare le autorit\u00e0 locali.<\/li><li>Oltre ai diritti sopra menzionati, l'utente ha il diritto di opporsi a qualsiasi trattamento di<\/li><\/ul>\n\n\n\n<p>i vostri Dati personali giustificati dal legittimo interesse di Pierre Fabre, compresa la profilazione (contrariamente alla giustificazione del vostro consenso, o per eseguire un contratto con voi).<\/p>\n\n\n\n<p>L'utente ha inoltre il diritto di presentare un reclamo all'autorit\u00e0 locale di controllo della protezione dei dati.<\/p>\n\n\n\n<p>Per esercitare tali diritti, vi preghiamo di contattarci utilizzando i recapiti riportati di seguito, alla voce \"Contatti\". Si prega di notare che potremmo chiedervi una prova di identit\u00e0 e ci riserviamo il diritto di addebitare un costo se ci \u00e8 consentito dalla legge, ad esempio se la vostra richiesta \u00e8 manifestamente infondata o eccessiva. Ci impegneremo a rispondere alla vostra richiesta entro i termini previsti.<\/p>\n\n\n\n<h3 class=\"has-text-color wp-block-heading\" style=\"color:#295493\">VIII - Cookie<\/h3>\n\n\n\n<p>Un cookie \u00e8 un piccolo file che pu\u00f2 essere collocato sul disco rigido del vostro dispositivo o sul server di un sito web. Utilizziamo i cookie per ottenere alcune informazioni raccolte automaticamente descritte sopra. Non siete obbligati ad accettare un cookie e potete scegliere quale cookie accettare modificando le impostazioni del vostro browser in modo che non accetti i cookie. Naturalmente, potete opporvi alla loro presenza e rifiutarli o eliminarli. A tal fine, potete cancellarli dal vostro dispositivo consultando la pagina di aiuto del browser che state utilizzando o opporvi alla memorizzazione dei \"cookie\" disabilitando questa funzione nel vostro browser.<\/p>\n\n\n\n<h3 class=\"has-text-color wp-block-heading\" style=\"color:#295493\">IX - Tipi di cookie che utilizziamo<\/h3>\n\n\n\n<p>Sul nostro sito web utilizziamo diversi tipi di cookie per scopi diversi: questi cookie sono noti come cookie strettamente necessari, cookie di performance, cookie di marketing e cookie funzionali. Alcuni cookie possono essere forniti da terze parti per fornire funzionalit\u00e0 aggiuntive al nostro sito web e sono elencati di seguito.<\/p>\n\n\n\n<p><strong>- Cookie strettamente necessari:<\/strong><\/p>\n\n\n\n<p>Questi cookie sono necessari per il funzionamento del Sito e non possono essere disabilitati sui nostri sistemi. In genere vengono impostati in risposta ad azioni compiute dall'utente che costituiscono una richiesta di servizi, come l'impostazione delle preferenze sulla privacy, il login o la compilazione di moduli. \u00c8 possibile impostare il browser in modo da bloccarli o notificare l'esistenza di questi cookie, ma alcune parti del sito web potrebbero risentirne. Questi cookie non memorizzano alcuna informazione di identificazione personale.<\/p>\n\n\n\n<p><strong>- Cookie di prestazione:<\/strong><\/p>\n\n\n\n<p>Questi cookie ci permettono di determinare il numero di visite e le fonti di traffico per misurare e migliorare le prestazioni del nostro sito web. Ci aiutano inoltre a identificare le pagine pi\u00f9\/meno visitate e a valutare il modo in cui i visitatori navigano all'interno del sito. Tutte le informazioni raccolte da questi cookie sono aggregate e quindi anonimizzate. Se non accettate questi cookie, non saremo informati della vostra visita al nostro sito.<\/p>\n\n\n\n<p><strong>- Cookie di funzionalit\u00e0:<\/strong><\/p>\n\n\n\n<p>Questi cookie ci permettono di migliorare e personalizzare le funzionalit\u00e0 del sito web. Possono essere attivati dai nostri team o da terzi i cui servizi sono utilizzati nelle pagine del nostro sito. Se non accettate questi cookie, alcuni o tutti questi servizi potrebbero non funzionare correttamente. Di seguito troverete l'elenco dei cookie utilizzati sul nostro sito web:<\/p>\n\n\n\n<figure id=\"privacy-tables\" class=\"wp-block-table\"><table><thead><tr><th><strong>Categoria<\/strong><\/th><th><strong>Tipo<\/strong><\/th><th><strong>Nome\/i<\/strong><\/th><th><strong>Nome\/i dell'applicazione<\/strong><\/th><th><strong>Durata di conservazione<\/strong><\/th><\/tr><\/thead><tbody><tr><td>Utilizziamo Matomo per le statistiche del sito web<\/td><td>Sessione<\/td><td>_pk_id<br>_pk_ses<\/td><td>Matomo<\/td><td>Memorizzare un ID utente univoco.<br>Memorizzare un ID di sessione univoco.<br>Questi dati non vengono condivisi con terze parti.<\/td><\/tr><tr><td>Utilizziamo Complianz per la gestione del consenso dei cookie<\/td><td>365 giorni<\/td><td>cmplz_banner-status<\/td><td>Complianz<\/td><td>Memorizza se il banner dei cookie \u00e8 stato eliminato.<br>Questi dati non vengono condivisi con terze parti.<\/td><\/tr><tr><td>Utilizziamo WPML per la gestione dei locali<\/td><td>1 giorno<\/td><td>wp-wpml_current_language<\/td><td>WPML<\/td><td>Memorizzare le impostazioni della lingua.<br>Questi dati non vengono condivisi con terze parti.<\/td><\/tr><\/tbody><\/table><\/figure>\n\n\n\n<h3 class=\"has-text-color wp-block-heading\" style=\"color:#295493\">X - Cancellazione dei cookie<\/h3>\n\n\n\n<p>Se l'utente rifiuta i cookie, non verranno installati altri cookie sul suo dispositivo, ad eccezione dei cookie di funzionalit\u00e0 sopra indicati (tra cui, in particolare, un cookie per ricordare che l'utente non desidera che vengano installati cookie quando visita il sito web).<\/p>\n\n\n\n<p>Si noti, tuttavia, che se si sceglie di eliminare o rifiutare alcuni cookie, ci\u00f2 influir\u00e0 su alcune funzioni o servizi del nostro sito web.<\/p>\n\n\n\n<h3 class=\"has-text-color wp-block-heading\" style=\"color:#295493\">XI - Aggiornamento dell'Informativa sulla privacy<\/h3>\n\n\n\n<p>Possiamo modificare la presente Informativa sulla privacy in qualsiasi momento per riflettere le modifiche apportate alla legge e\/o alle nostre pratiche in materia di privacy.<\/p>\n\n\n\n<h3 class=\"has-text-color wp-block-heading\" style=\"color:#295493\">XII - Informazioni di contatto<\/h3>\n\n\n\n<p>In caso di domande sulla presente Informativa sulla privacy o se si desidera esercitare uno qualsiasi dei propri diritti, si prega di contattare il nostro Responsabile della protezione dei dati all'indirizzo dpofr@pierre-fabre.com.<\/p>\n\n\n\n<p><em>Ultima modifica: 16\/05\/2022<\/em><\/p>\n","protected":false},"excerpt":{"rendered":"<p>Politica di protezione dei dati personali del Gruppo Pierre Fabre Grazie per aver visitato il nostro sito web. La protezione e la sicurezza dei dati personali dei nostri clienti e utenti \u00e8 una preoccupazione fondamentale per il Gruppo Pierre Fabre. La presente Informativa sulla privacy spiega quali dati vengono raccolti quando si consulta e si [&hellip;]<\/p>\n","protected":false},"author":2,"featured_media":0,"parent":0,"menu_order":0,"comment_status":"closed","ping_status":"open","template":"","meta":{"footnotes":""},"class_list":["post-713","page","type-page","status-publish","hentry"],"yoast_head":"<!-- This site is optimized with the Yoast SEO plugin v27.4 - https:\/\/yoast.com\/product\/yoast-seo-wordpress\/ -->\n<title>Politica sulla riservatezza | Edelife<\/title>\n<meta name=\"description\" content=\"A prenatal study for XLHED affected boys\" \/>\n<meta name=\"robots\" content=\"index, follow, max-snippet:-1, max-image-preview:large, max-video-preview:-1\" \/>\n<link rel=\"canonical\" href=\"https:\/\/edelifeclinicaltrial.com\/it\/politica-sulla-riservatezza\/\" \/>\n<meta property=\"og:locale\" content=\"it_IT\" \/>\n<meta property=\"og:type\" content=\"article\" \/>\n<meta property=\"og:title\" content=\"Politica sulla riservatezza | Edelife\" \/>\n<meta property=\"og:description\" content=\"A prenatal study for XLHED affected boys\" \/>\n<meta property=\"og:url\" content=\"https:\/\/edelifeclinicaltrial.com\/it\/politica-sulla-riservatezza\/\" \/>\n<meta property=\"og:site_name\" content=\"Edelife\" \/>\n<meta property=\"article:modified_time\" content=\"2022-10-19T06:49:22+00:00\" \/>\n<meta name=\"twitter:card\" content=\"summary_large_image\" \/>\n<script type=\"application\/ld+json\" class=\"yoast-schema-graph\">{\"@context\":\"https:\\\/\\\/schema.org\",\"@graph\":[{\"@type\":\"WebPage\",\"@id\":\"https:\\\/\\\/edelifeclinicaltrial.com\\\/it\\\/politica-sulla-riservatezza\\\/\",\"url\":\"https:\\\/\\\/edelifeclinicaltrial.com\\\/it\\\/politica-sulla-riservatezza\\\/\",\"name\":\"Politica sulla riservatezza | Edelife\",\"isPartOf\":{\"@id\":\"https:\\\/\\\/edelifeclinicaltrial.com\\\/it\\\/#website\"},\"datePublished\":\"2022-05-23T15:20:55+00:00\",\"dateModified\":\"2022-10-19T06:49:22+00:00\",\"description\":\"A prenatal study for XLHED affected boys\",\"breadcrumb\":{\"@id\":\"https:\\\/\\\/edelifeclinicaltrial.com\\\/it\\\/politica-sulla-riservatezza\\\/#breadcrumb\"},\"inLanguage\":\"it-IT\",\"potentialAction\":[{\"@type\":\"ReadAction\",\"target\":[\"https:\\\/\\\/edelifeclinicaltrial.com\\\/it\\\/politica-sulla-riservatezza\\\/\"]}]},{\"@type\":\"BreadcrumbList\",\"@id\":\"https:\\\/\\\/edelifeclinicaltrial.com\\\/it\\\/politica-sulla-riservatezza\\\/#breadcrumb\",\"itemListElement\":[{\"@type\":\"ListItem\",\"position\":1,\"name\":\"Home\",\"item\":\"https:\\\/\\\/edelifeclinicaltrial.com\\\/it\\\/\"},{\"@type\":\"ListItem\",\"position\":2,\"name\":\"Politica sulla riservatezza\"}]},{\"@type\":\"WebSite\",\"@id\":\"https:\\\/\\\/edelifeclinicaltrial.com\\\/it\\\/#website\",\"url\":\"https:\\\/\\\/edelifeclinicaltrial.com\\\/it\\\/\",\"name\":\"Edelife\",\"description\":\"A prenatal clinical study for pregnant mothers and their unborn XLHED-affected sons\",\"publisher\":{\"@id\":\"https:\\\/\\\/edelifeclinicaltrial.com\\\/it\\\/#organization\"},\"potentialAction\":[{\"@type\":\"SearchAction\",\"target\":{\"@type\":\"EntryPoint\",\"urlTemplate\":\"https:\\\/\\\/edelifeclinicaltrial.com\\\/it\\\/?s={search_term_string}\"},\"query-input\":{\"@type\":\"PropertyValueSpecification\",\"valueRequired\":true,\"valueName\":\"search_term_string\"}}],\"inLanguage\":\"it-IT\"},{\"@type\":\"Organization\",\"@id\":\"https:\\\/\\\/edelifeclinicaltrial.com\\\/it\\\/#organization\",\"name\":\"Edelife\",\"url\":\"https:\\\/\\\/edelifeclinicaltrial.com\\\/it\\\/\",\"logo\":{\"@type\":\"ImageObject\",\"inLanguage\":\"it-IT\",\"@id\":\"https:\\\/\\\/edelifeclinicaltrial.com\\\/it\\\/#\\\/schema\\\/logo\\\/image\\\/\",\"url\":\"https:\\\/\\\/edelifeclinicaltrial.com\\\/wp-content\\\/uploads\\\/2021\\\/11\\\/logo-edelife.png\",\"contentUrl\":\"https:\\\/\\\/edelifeclinicaltrial.com\\\/wp-content\\\/uploads\\\/2021\\\/11\\\/logo-edelife.png\",\"width\":733,\"height\":485,\"caption\":\"Edelife\"},\"image\":{\"@id\":\"https:\\\/\\\/edelifeclinicaltrial.com\\\/it\\\/#\\\/schema\\\/logo\\\/image\\\/\"}}]}<\/script>\n<!-- \/ Yoast SEO plugin. -->","yoast_head_json":{"title":"Politica sulla riservatezza | Edelife","description":"A prenatal study for XLHED affected boys","robots":{"index":"index","follow":"follow","max-snippet":"max-snippet:-1","max-image-preview":"max-image-preview:large","max-video-preview":"max-video-preview:-1"},"canonical":"https:\/\/edelifeclinicaltrial.com\/it\/politica-sulla-riservatezza\/","og_locale":"it_IT","og_type":"article","og_title":"Politica sulla riservatezza | Edelife","og_description":"A prenatal study for XLHED affected boys","og_url":"https:\/\/edelifeclinicaltrial.com\/it\/politica-sulla-riservatezza\/","og_site_name":"Edelife","article_modified_time":"2022-10-19T06:49:22+00:00","twitter_card":"summary_large_image","schema":{"@context":"https:\/\/schema.org","@graph":[{"@type":"WebPage","@id":"https:\/\/edelifeclinicaltrial.com\/it\/politica-sulla-riservatezza\/","url":"https:\/\/edelifeclinicaltrial.com\/it\/politica-sulla-riservatezza\/","name":"Politica sulla riservatezza | Edelife","isPartOf":{"@id":"https:\/\/edelifeclinicaltrial.com\/it\/#website"},"datePublished":"2022-05-23T15:20:55+00:00","dateModified":"2022-10-19T06:49:22+00:00","description":"A prenatal study for XLHED affected boys","breadcrumb":{"@id":"https:\/\/edelifeclinicaltrial.com\/it\/politica-sulla-riservatezza\/#breadcrumb"},"inLanguage":"it-IT","potentialAction":[{"@type":"ReadAction","target":["https:\/\/edelifeclinicaltrial.com\/it\/politica-sulla-riservatezza\/"]}]},{"@type":"BreadcrumbList","@id":"https:\/\/edelifeclinicaltrial.com\/it\/politica-sulla-riservatezza\/#breadcrumb","itemListElement":[{"@type":"ListItem","position":1,"name":"Home","item":"https:\/\/edelifeclinicaltrial.com\/it\/"},{"@type":"ListItem","position":2,"name":"Politica sulla riservatezza"}]},{"@type":"WebSite","@id":"https:\/\/edelifeclinicaltrial.com\/it\/#website","url":"https:\/\/edelifeclinicaltrial.com\/it\/","name":"Edelife","description":"A prenatal clinical study for pregnant mothers and their unborn XLHED-affected sons","publisher":{"@id":"https:\/\/edelifeclinicaltrial.com\/it\/#organization"},"potentialAction":[{"@type":"SearchAction","target":{"@type":"EntryPoint","urlTemplate":"https:\/\/edelifeclinicaltrial.com\/it\/?s={search_term_string}"},"query-input":{"@type":"PropertyValueSpecification","valueRequired":true,"valueName":"search_term_string"}}],"inLanguage":"it-IT"},{"@type":"Organization","@id":"https:\/\/edelifeclinicaltrial.com\/it\/#organization","name":"Edelife","url":"https:\/\/edelifeclinicaltrial.com\/it\/","logo":{"@type":"ImageObject","inLanguage":"it-IT","@id":"https:\/\/edelifeclinicaltrial.com\/it\/#\/schema\/logo\/image\/","url":"https:\/\/edelifeclinicaltrial.com\/wp-content\/uploads\/2021\/11\/logo-edelife.png","contentUrl":"https:\/\/edelifeclinicaltrial.com\/wp-content\/uploads\/2021\/11\/logo-edelife.png","width":733,"height":485,"caption":"Edelife"},"image":{"@id":"https:\/\/edelifeclinicaltrial.com\/it\/#\/schema\/logo\/image\/"}}]}},"_links":{"self":[{"href":"https:\/\/edelifeclinicaltrial.com\/it\/wp-json\/wp\/v2\/pages\/713","targetHints":{"allow":["GET"]}}],"collection":[{"href":"https:\/\/edelifeclinicaltrial.com\/it\/wp-json\/wp\/v2\/pages"}],"about":[{"href":"https:\/\/edelifeclinicaltrial.com\/it\/wp-json\/wp\/v2\/types\/page"}],"author":[{"embeddable":true,"href":"https:\/\/edelifeclinicaltrial.com\/it\/wp-json\/wp\/v2\/users\/2"}],"replies":[{"embeddable":true,"href":"https:\/\/edelifeclinicaltrial.com\/it\/wp-json\/wp\/v2\/comments?post=713"}],"version-history":[{"count":6,"href":"https:\/\/edelifeclinicaltrial.com\/it\/wp-json\/wp\/v2\/pages\/713\/revisions"}],"predecessor-version":[{"id":942,"href":"https:\/\/edelifeclinicaltrial.com\/it\/wp-json\/wp\/v2\/pages\/713\/revisions\/942"}],"wp:attachment":[{"href":"https:\/\/edelifeclinicaltrial.com\/it\/wp-json\/wp\/v2\/media?parent=713"}],"curies":[{"name":"wp","href":"https:\/\/api.w.org\/{rel}","templated":true}]}}