{"id":975,"date":"2022-06-13T10:50:06","date_gmt":"2022-06-13T10:50:06","guid":{"rendered":"https:\/\/edelifeclinicaltrial.com\/?page_id=975"},"modified":"2022-07-22T07:54:34","modified_gmt":"2022-07-22T07:54:34","slug":"politique-de-confidentialite","status":"publish","type":"page","link":"https:\/\/edelifeclinicaltrial.com\/fr\/politique-de-confidentialite\/","title":{"rendered":"Politique de confidentialit\u00e9"},"content":{"rendered":"\n<h2 class=\"has-large-font-size wp-block-heading\">Politique de protection des donn\u00e9es personnelles du groupe Pierre Fabre<\/h2>\n\n\n\n<p>Nous vous remercions de votre visite sur notre site web. La protection et la s\u00e9curit\u00e9 des donn\u00e9es personnelles de nos clients et utilisateurs est une pr\u00e9occupation majeure du Groupe Pierre Fabre.<\/p>\n\n\n\n<p>La pr\u00e9sente politique de confidentialit\u00e9 explique quelles donn\u00e9es sont collect\u00e9es lorsque vous consultez et utilisez notre site web et comment elles sont trait\u00e9es.<\/p>\n\n\n\n<h3 class=\"has-text-color wp-block-heading\" style=\"color:#295493\">I - Qui sommes-nous ?<\/h3>\n\n\n\n<p>Le pr\u00e9sent site web (ci-apr\u00e8s le \"site web\") est exploit\u00e9 par Pierre Fabre M\u00e9dicament.<\/p>\n\n\n\n<p>Soci\u00e9t\u00e9 par actions simplifi\u00e9e, sise Les Cauquillous - 81500 LAVAUR - France (ci-apr\u00e8s \" Pierre Fabre \" ou \" Nous \"), qui est responsable du traitement des donn\u00e9es personnelles \u00e9ventuellement collect\u00e9es aupr\u00e8s de vous sur le Site pour les finalit\u00e9s d\u00e9crites ci-dessous.<\/p>\n\n\n\n<p>Nous vous invitons \u00e0 lire attentivement la pr\u00e9sente Politique de confidentialit\u00e9 afin de conna\u00eetre les conditions de traitement de vos donn\u00e9es personnelles lorsque vous consultez notre Site Internet. Veuillez noter qu'elle peut \u00eatre mise \u00e0 jour \u00e0 tout moment par Pierre Fabre. La date de la derni\u00e8re mise \u00e0 jour appara\u00eetra sur cette page. Nous vous invitons donc \u00e0 la consulter r\u00e9guli\u00e8rement.<\/p>\n\n\n\n<h3 class=\"has-text-color wp-block-heading\" style=\"color:#295493\">II - Informations que nous recueillons \u00e0 votre sujet<\/h3>\n\n\n\n<p>En fonction des services de notre Site Internet que vous utilisez et de vos choix de configuration du terminal (notamment en mati\u00e8re de cookies et autres traceurs), les donn\u00e9es personnelles vous concernant (ci-apr\u00e8s d\u00e9nomm\u00e9es \" vos Donn\u00e9es Personnelles \") collect\u00e9es et trait\u00e9es par Pierre Fabre sont :<\/p>\n\n\n\n<p>Les donn\u00e9es g\u00e9n\u00e9r\u00e9es par votre navigateur, collect\u00e9es automatiquement par notre serveur par le biais de \"cookies et autres traceurs\" : Les donn\u00e9es sp\u00e9cifiques aux sites visit\u00e9s : le nom de domaine ; la date, l'heure et la dur\u00e9e de votre visite ; les pages et consult\u00e9es.<\/p>\n\n\n\n<p>Donn\u00e9es qui vous sont propres : votre adresse IP (localisation de votre point d'entr\u00e9e sur le r\u00e9seau ; type de navigateur, syst\u00e8me d'exploitation),<\/p>\n\n\n\n<p>Nous n'utilisons pas ces donn\u00e9es personnelles collect\u00e9es automatiquement pour essayer de vous identifier, et nous ne les mettons pas en corr\u00e9lation avec les donn\u00e9es personnelles d\u00e9taill\u00e9es ci-dessus que vous nous fournissez.<\/p>\n\n\n\n<p>Nous pouvons \u00e9galement obtenir des informations personnelles vous concernant de la part de tiers (par exemple, un profil de r\u00e9seau social si vous vous \u00eates connect\u00e9 \u00e0 votre espace membre avec votre profil de r\u00e9seau social).<\/p>\n\n\n\n<h3 class=\"has-text-color wp-block-heading\" style=\"color:#295493\">III - Finalit\u00e9s du traitement de vos donn\u00e9es personnelles<\/h3>\n\n\n\n<p>Vous trouverez ci-dessous un aper\u00e7u des finalit\u00e9s pour lesquelles nous traitons vos donn\u00e9es personnelles et les raisons pour lesquelles nous devons les traiter.<\/p>\n\n\n\n<figure id=\"privacy-tables\" class=\"wp-block-table\"><table><thead><tr><th><strong>Finalit\u00e9s du traitement<\/strong><\/th><th><strong>Base juridique associ\u00e9e<\/strong><\/th><\/tr><\/thead><tbody><tr><td>Effectuer des analyses statistiques<\/td><td>Votre consentement<\/td><\/tr><\/tbody><\/table><\/figure>\n\n\n\n<h3 class=\"has-text-color wp-block-heading\" style=\"color:#295493\">IV - Communication et transfert des donn\u00e9es personnelles<\/h3>\n\n\n\n<p>Nous faisons partie du groupe mondial Pierre Fabre et, de temps \u00e0 autre, nous pouvons avoir besoin de communiquer vos donn\u00e9es personnelles au sein du groupe Pierre Fabre aux fins \u00e9nonc\u00e9es ci-dessus.<\/p>\n\n\n\n<p>Nous pouvons \u00e9galement d\u00e9signer des prestataires de services tiers (qui agiront conform\u00e9ment \u00e0 nos instructions) pour nous aider \u00e0 vous fournir des informations, des produits ou des services, \u00e0 mener et \u00e0 g\u00e9rer nos activit\u00e9s, ou \u00e0 g\u00e9rer et \u00e0 am\u00e9liorer notre site Web. Dans ce cas, ces tiers peuvent avoir besoin d'acc\u00e9der \u00e0 vos Donn\u00e9es personnelles.<br>Si vos Donn\u00e9es personnelles sont transf\u00e9r\u00e9es en dehors de l'EEE (Espace \u00e9conomique europ\u00e9en) \u00e0 d'autres soci\u00e9t\u00e9s du Groupe Pierre Fabre ou \u00e0 des prestataires de services, nous prendrons des mesures pour nous assurer que vos Donn\u00e9es personnelles b\u00e9n\u00e9ficient du m\u00eame niveau de protection que si elles \u00e9taient rest\u00e9es dans l'EEE, y compris en concluant des contrats de transfert de donn\u00e9es, sur la base des clauses contractuelles types approuv\u00e9es par la Commission europ\u00e9enne telles que mises \u00e0 jour ou r\u00e9vis\u00e9es ou d'autres m\u00e9canismes de transfert tels que, le cas \u00e9ch\u00e9ant, les d\u00e9cisions d'ad\u00e9quation, les r\u00e8gles d'entreprise contraignantes ou les contrats approuv\u00e9s par les autorit\u00e9s de protection des donn\u00e9es de l'UE.<\/p>\n\n\n\n<p>Nous pouvons \u00e9galement divulguer vos Donn\u00e9es personnelles \u00e0 des tiers dans le cadre de toute vente r\u00e9elle ou potentielle de Pierre Fabre ou de tout actif d\u00e9tenu par nous ou par des soci\u00e9t\u00e9s affili\u00e9es, auquel cas les Donn\u00e9es personnelles que nous d\u00e9tenons sur nos utilisateurs peuvent \u00eatre celles des actifs transf\u00e9r\u00e9s.<\/p>\n\n\n\n<p>Nous r\u00e9pondrons \u00e9galement aux demandes d'informations si la loi nous y oblige, ou si une telle divulgation est n\u00e9cessaire pour prot\u00e9ger nos droits et\/ou pour nous conformer \u00e0 une ordonnance d'un tribunal, \u00e0 une demande d'un organisme de r\u00e9glementation ou \u00e0 toute autre proc\u00e9dure judiciaire ou administrative \u00e0 notre encontre.<\/p>\n\n\n\n<h3 class=\"has-text-color wp-block-heading\" style=\"color:#295493\">V - Conservation de vos donn\u00e9es personnelles<\/h3>\n\n\n\n<p>En r\u00e8gle g\u00e9n\u00e9rale, nous ne conservons vos donn\u00e9es personnelles que pendant la dur\u00e9e n\u00e9cessaire \u00e0 la r\u00e9alisation des objectifs pour lesquels elles ont \u00e9t\u00e9 collect\u00e9es.<\/p>\n\n\n\n<p>Nous ne conservons vos Donn\u00e9es Personnelles que pour la dur\u00e9e strictement n\u00e9cessaire \u00e0 la gestion de la relation avec vous.<\/p>\n\n\n\n<p>Toutefois, nous conserverons vos Donn\u00e9es personnelles \u00e0 des fins de marketing pendant trois ans \u00e0 compter de la date de la derni\u00e8re interaction entre nous si vous n'\u00eates pas client et tant que nous resterons en contact avec vous par le biais de nos activit\u00e9s promotionnelles si vous \u00eates client, sauf si vous vous y opposez lorsque vous recevez l'un de nos messages marketing.<\/p>\n\n\n\n<p>Les adresses IP collect\u00e9es \u00e0 des fins de s\u00e9curit\u00e9 ne seront pas conserv\u00e9es pendant plus de 10 jours.<\/p>\n\n\n\n<p>Enfin, les journaux de connexion collect\u00e9s seront conserv\u00e9s si vous y consentez, \u00e0 l'aide des cookies et autres traceurs utilis\u00e9s sur notre Site Internet, pour une dur\u00e9e n'exc\u00e9dant pas treize (13) mois conform\u00e9ment aux lois et r\u00e8glements applicables. Pour plus de d\u00e9tails, veuillez vous r\u00e9f\u00e9rer \u00e0 la section \" Cookies \" ci-dessous.<\/p>\n\n\n\n<p>Nous pouvons \u00eatre amen\u00e9s \u00e0 conserver vos Donn\u00e9es \u00e0 caract\u00e8re personnel sous forme d'archives au-del\u00e0 de la p\u00e9riode indiqu\u00e9e ci-dessous afin de nous conformer \u00e0 nos obligations l\u00e9gales ou, si cela est n\u00e9cessaire compte tenu de la prescription applicable, de faire valoir l'un de nos droits. D\u00e8s que vos Donn\u00e9es Personnelles ne sont plus n\u00e9cessaires aux fins ou \u00e0 des fins d'archivage pour r\u00e9pondre \u00e0 nos obligations l\u00e9gales ou pour la prescription, nous veillons \u00e0 ce qu'elles soient d\u00e9truites ou rendues anonymes.<\/p>\n\n\n\n<h3 class=\"has-text-color wp-block-heading\" style=\"color:#295493\">VI - Liens externes<\/h3>\n\n\n\n<p>Le Site peut contenir des liens vers des sites tiers. Pierre Fabre n'ayant aucun contr\u00f4le sur ces sites et n'\u00e9tant pas responsable de leurs pratiques en mati\u00e8re de protection des donn\u00e9es, nous vous encourageons \u00e0 v\u00e9rifier les politiques de protection des donn\u00e9es de ces sites tiers. Cette politique s'applique uniquement aux Donn\u00e9es Personnelles collect\u00e9es par nos Sites Internet ou lors de nos activit\u00e9s.<\/p>\n\n\n\n<h3 class=\"has-text-color wp-block-heading\" style=\"color:#295493\">VII - Vos droits<\/h3>\n\n\n\n<p>Conform\u00e9ment \u00e0 la r\u00e9glementation applicable, vous disposez des droits suivants en ce qui concerne vos donn\u00e9es personnelles :<\/p>\n\n\n\n<ul class=\"wp-block-list\"><li>Obtenir une copie de vos donn\u00e9es personnelles, des informations sur les m\u00e9thodes de traitement et leur base juridique.<\/li><li>Rectifier des donn\u00e9es personnelles erron\u00e9es (y compris le droit de compl\u00e9ter des donn\u00e9es personnelles incompl\u00e8tes) ;<\/li><li>supprimer vos donn\u00e9es \u00e0 caract\u00e8re personnel dans la mesure o\u00f9 la base juridique le permet. En outre, dans certains cas, ce droit peut ne s'appliquer que lorsqu'il n'est plus n\u00e9cessaire d'atteindre les objectifs pour lesquels elles ont \u00e9t\u00e9 collect\u00e9es ou trait\u00e9es.<\/li><li>Restreindre le traitement de vos donn\u00e9es personnelles lorsque :<ul><li>L'exactitude des donn\u00e9es personnelles est contest\u00e9e ;<\/li><li>Le traitement est ill\u00e9gal, mais vous vous opposez \u00e0 l'effacement de vos donn\u00e9es personnelles.<\/li><li>Nous n'avons plus besoin de vos Donn\u00e9es Personnelles, mais elles sont encore n\u00e9cessaires pour la constatation, l'exercice ou la d\u00e9finition d'un droit en justice.<\/li><\/ul><\/li><li>Demander la portabilit\u00e9 de vos Donn\u00e9es personnelles sous forme lisible par machine \u00e0 un tiers (ou \u00e0 vous) si notre traitement est bas\u00e9 sur votre consentement ou l'ex\u00e9cution d'un contrat avec vous.<\/li><li>Obtenir ou consulter une copie des mesures appropri\u00e9es prises pour transf\u00e9rer vos donn\u00e9es personnelles vers un pays tiers ou une organisation internationale.<\/li><li>Retirer votre consentement au traitement de vos Donn\u00e9es personnelles (si ce traitement est fond\u00e9 sur votre consentement) sans pr\u00e9judice de la lic\u00e9it\u00e9 du traitement fond\u00e9 sur le consentement effectu\u00e9 avant le retrait de ce consentement.<\/li><li>Donner des instructions g\u00e9n\u00e9rales ou sp\u00e9cifiques sur la mani\u00e8re dont vos donn\u00e9es personnelles seront trait\u00e9es et utilis\u00e9es apr\u00e8s votre d\u00e9c\u00e8s.<\/li><li>Vous opposer \u00e0 tout moment au traitement \u00e0 des fins de prospection. En France, pour \u00e9viter tout contact t\u00e9l\u00e9phonique, inscrivez-vous gratuitement sur le site https:\/\/www.bloctel.gouv.fr\/. Pour les autres pays, contactez vos autorit\u00e9s locales.<\/li><li>Outre les droits susmentionn\u00e9s, vous avez le droit de vous opposer \u00e0 tout traitement de<\/li><\/ul>\n\n\n\n<p>vos Donn\u00e9es Personnelles justifi\u00e9es par l'int\u00e9r\u00eat l\u00e9gitime de Pierre Fabre, y compris le profilage (contrairement \u00e0 une justification par votre consentement, ou pour ex\u00e9cuter un contrat avec vous).<\/p>\n\n\n\n<p>Vous avez \u00e9galement le droit de d\u00e9poser une plainte aupr\u00e8s de votre autorit\u00e9 locale de contr\u00f4le de la protection des donn\u00e9es.<\/p>\n\n\n\n<p>Pour exercer ces droits, veuillez nous contacter en utilisant les coordonn\u00e9es ci-dessous, dans la rubrique \"Nous contacter\". Veuillez noter que nous pouvons vous demander une preuve d'identit\u00e9 et que nous nous r\u00e9servons le droit de facturer des frais si la loi nous y autorise, par exemple si votre demande est manifestement infond\u00e9e ou excessive. Nous nous efforcerons de r\u00e9pondre \u00e0 votre demande dans les d\u00e9lais impartis.<\/p>\n\n\n\n<h3 class=\"has-text-color wp-block-heading\" style=\"color:#295493\">VIII - Cookies<\/h3>\n\n\n\n<p>Un cookie est un petit fichier qui peut \u00eatre plac\u00e9 sur le disque dur de votre appareil ou sur le serveur d'un site web. Nous utilisons les cookies pour obtenir certaines informations collect\u00e9es automatiquement d\u00e9crites ci-dessus. Vous n'\u00eates pas oblig\u00e9 d'accepter un cookie, et vous pouvez choisir le cookie \u00e0 accepter en modifiant les param\u00e8tres de votre navigateur pour qu'il n'accepte pas les cookies. Vous pouvez, bien entendu, vous opposer \u00e0 leur pr\u00e9sence et les refuser ou les supprimer. A cette fin, vous pouvez les supprimer de votre appareil en consultant la page d'aide du navigateur que vous utilisez ou vous opposer au stockage des \"cookies\" en d\u00e9sactivant cette fonction dans votre navigateur.<\/p>\n\n\n\n<h3 class=\"has-text-color wp-block-heading\" style=\"color:#295493\">IX - Types de cookies que nous utilisons<\/h3>\n\n\n\n<p>Nous utilisons plusieurs types de cookies sur notre Site Internet \u00e0 des fins diff\u00e9rentes : ces cookies sont connus comme des cookies strictement n\u00e9cessaires, des cookies de performance, des cookies marketing et des cookies fonctionnels. Certains cookies peuvent \u00eatre fournis par un tiers pour offrir des fonctionnalit\u00e9s suppl\u00e9mentaires \u00e0 notre site Web et sont \u00e9num\u00e9r\u00e9s ci-dessous.<\/p>\n\n\n\n<p><strong>- Cookies strictement n\u00e9cessaires :<\/strong><\/p>\n\n\n\n<p>Ces cookies sont n\u00e9cessaires au fonctionnement du site Web et ne peuvent pas \u00eatre d\u00e9sactiv\u00e9s sur nos syst\u00e8mes. Ils sont g\u00e9n\u00e9ralement d\u00e9finis en r\u00e9ponse \u00e0 des actions que vous avez entreprises et qui constituent une demande de services, comme le r\u00e9glage de vos pr\u00e9f\u00e9rences en mati\u00e8re de confidentialit\u00e9, la connexion ou le remplissage de formulaires. Vous pouvez configurer votre navigateur pour les bloquer ou vous avertir de l'existence de ces cookies, mais certaines parties du site web peuvent en \u00eatre affect\u00e9es. Ces cookies ne stockent pas d'informations d'identification personnelle.<\/p>\n\n\n\n<p><strong>- Cookies de performance :<\/strong><\/p>\n\n\n\n<p>Ces cookies nous permettent de d\u00e9terminer le nombre de visites et les sources de trafic afin de mesurer et d'am\u00e9liorer les performances de notre site web. Ils nous aident \u00e9galement \u00e0 identifier les pages les plus\/les moins visit\u00e9es et \u00e0 \u00e9valuer comment les visiteurs naviguent sur le site web. Toutes les informations collect\u00e9es par ces cookies sont agr\u00e9g\u00e9es et donc anonymis\u00e9es. Si vous n'acceptez pas ces cookies, nous ne serons pas inform\u00e9s de votre visite sur notre site.<\/p>\n\n\n\n<p><strong>- Cookies de fonctionnalit\u00e9 :<\/strong><\/p>\n\n\n\n<p>Ces cookies nous permettent d'am\u00e9liorer et de personnaliser les fonctionnalit\u00e9s du site web. Ils peuvent \u00eatre activ\u00e9s par nos \u00e9quipes, ou par des tiers dont les services sont utilis\u00e9s sur les pages de notre site web. Si vous n'acceptez pas ces cookies, certains ou tous ces services peuvent ne pas fonctionner correctement.<\/p>\n\n\n\n<p>Vous trouverez ci-dessous la liste des cookies que vous utilisez sur notre site web :<\/p>\n\n\n\n<figure id=\"privacy-tables\" class=\"wp-block-table\"><table><thead><tr><th><strong>Cat\u00e9gorie<\/strong><\/th><th>Type<\/th><th><strong><strong>Nom(s)<\/strong><\/strong><\/th><th><strong>Nom(s) de l'application<\/strong><\/th><th><strong>Dur\u00e9e de conservation<\/strong><\/th><\/tr><\/thead><tbody><tr><td>Nous utilisons Matomo pour les statistiques du site web<\/td><td>Session<\/td><td>_pk_id<br>_pk_ses<\/td><td>Matomo<\/td><td>Stocker un ID utilisateur unique.<br>Stocker un identifiant de session unique.<br>Ces donn\u00e9es ne sont pas partag\u00e9es avec des tiers.<\/td><\/tr><tr><td>Nous utilisons Complianz pour la gestion du consentement aux cookies<\/td><td>365 jours<\/td><td>cmplz_banner-status<\/td><td>Complianz<\/td><td>Conserver si la banni\u00e8re de cookies a \u00e9t\u00e9 rejet\u00e9e.<br>Ces donn\u00e9es ne sont pas partag\u00e9es avec des tiers.<\/td><\/tr><tr><td>Nous utilisons WPML pour la gestion des param\u00e8tres linguistiques<\/td><td>1 jour<\/td><td>wp-wpml_current_language<\/td><td>WPML<\/td><td>Stocker les param\u00e8tres de langue.<br>Ces donn\u00e9es ne sont pas partag\u00e9es avec des tiers.<\/td><\/tr><\/tbody><\/table><\/figure>\n\n\n\n<h3 class=\"has-text-color wp-block-heading\" style=\"color:#295493\">X - Suppression des cookies<\/h3>\n\n\n\n<p>Si vous refusez les cookies, nous ne placerons pas d'autres cookies sur votre appareil, \u00e0 l'exception des cookies de fonctionnalit\u00e9 \u00e9nonc\u00e9s ci-dessus (y compris, notamment, un cookie pour se souvenir que vous ne voulez pas que des cookies soient install\u00e9s lorsque vous visitez le site Web).<\/p>\n\n\n\n<p>Veuillez noter, toutefois, que si vous choisissez de supprimer ou de refuser certains cookies, cela affectera certaines fonctionnalit\u00e9s ou certains services de notre site Web.<\/p>\n\n\n\n<h3 class=\"has-text-color wp-block-heading\" style=\"color:#295493\">XI - Mise \u00e0 jour de la politique de confidentialit\u00e9<\/h3>\n\n\n\n<p>Nous pouvons modifier cette politique de confidentialit\u00e9 \u00e0 tout moment afin de refl\u00e9ter les changements de la loi et\/ou de nos pratiques en mati\u00e8re de confidentialit\u00e9.<\/p>\n\n\n\n<h3 class=\"has-text-color wp-block-heading\" style=\"color:#295493\">XII - Informations de contact<\/h3>\n\n\n\n<p>Si vous avez des questions sur la pr\u00e9sente politique de confidentialit\u00e9 ou si vous souhaitez exercer l'un de vos droits, veuillez contacter notre d\u00e9l\u00e9gu\u00e9 \u00e0 la protection des donn\u00e9es \u00e0 l'adresse dpofr@pierre-fabre.com.<\/p>\n\n\n\n<p><em><em>Derni\u00e8re modification : 16\/05\/2022<\/em><\/em><\/p>\n","protected":false},"excerpt":{"rendered":"<p>Politique de protection des donn\u00e9es personnelles du groupe Pierre Fabre Nous vous remercions de votre visite sur notre site web. La protection et la s\u00e9curit\u00e9 des donn\u00e9es personnelles de nos clients et utilisateurs est une pr\u00e9occupation majeure du Groupe Pierre Fabre. La pr\u00e9sente politique de confidentialit\u00e9 explique quelles donn\u00e9es sont collect\u00e9es lorsque vous consultez et [&hellip;]<\/p>\n","protected":false},"author":2,"featured_media":0,"parent":0,"menu_order":0,"comment_status":"closed","ping_status":"open","template":"","meta":{"footnotes":""},"class_list":["post-975","page","type-page","status-publish","hentry"],"yoast_head":"<!-- This site is optimized with the Yoast SEO plugin v27.4 - https:\/\/yoast.com\/product\/yoast-seo-wordpress\/ -->\n<title>Politique de confidentialit\u00e9 | Edelife<\/title>\n<meta name=\"description\" content=\"A prenatal study for XLHED affected boys\" \/>\n<meta name=\"robots\" content=\"index, follow, max-snippet:-1, max-image-preview:large, max-video-preview:-1\" \/>\n<link rel=\"canonical\" href=\"https:\/\/edelifeclinicaltrial.com\/fr\/politique-de-confidentialite\/\" \/>\n<meta property=\"og:locale\" content=\"fr_FR\" \/>\n<meta property=\"og:type\" content=\"article\" \/>\n<meta property=\"og:title\" content=\"Politique de confidentialit\u00e9 | Edelife\" \/>\n<meta property=\"og:description\" content=\"A prenatal study for XLHED affected boys\" \/>\n<meta property=\"og:url\" content=\"https:\/\/edelifeclinicaltrial.com\/fr\/politique-de-confidentialite\/\" \/>\n<meta property=\"og:site_name\" content=\"Edelife\" \/>\n<meta property=\"article:modified_time\" content=\"2022-07-22T07:54:34+00:00\" \/>\n<meta name=\"twitter:card\" content=\"summary_large_image\" \/>\n<script type=\"application\/ld+json\" class=\"yoast-schema-graph\">{\"@context\":\"https:\\\/\\\/schema.org\",\"@graph\":[{\"@type\":\"WebPage\",\"@id\":\"https:\\\/\\\/edelifeclinicaltrial.com\\\/fr\\\/politique-de-confidentialite\\\/\",\"url\":\"https:\\\/\\\/edelifeclinicaltrial.com\\\/fr\\\/politique-de-confidentialite\\\/\",\"name\":\"Politique de confidentialit\u00e9 | Edelife\",\"isPartOf\":{\"@id\":\"https:\\\/\\\/edelifeclinicaltrial.com\\\/fr\\\/#website\"},\"datePublished\":\"2022-06-13T10:50:06+00:00\",\"dateModified\":\"2022-07-22T07:54:34+00:00\",\"description\":\"A prenatal study for XLHED affected boys\",\"breadcrumb\":{\"@id\":\"https:\\\/\\\/edelifeclinicaltrial.com\\\/fr\\\/politique-de-confidentialite\\\/#breadcrumb\"},\"inLanguage\":\"fr-FR\",\"potentialAction\":[{\"@type\":\"ReadAction\",\"target\":[\"https:\\\/\\\/edelifeclinicaltrial.com\\\/fr\\\/politique-de-confidentialite\\\/\"]}]},{\"@type\":\"BreadcrumbList\",\"@id\":\"https:\\\/\\\/edelifeclinicaltrial.com\\\/fr\\\/politique-de-confidentialite\\\/#breadcrumb\",\"itemListElement\":[{\"@type\":\"ListItem\",\"position\":1,\"name\":\"Home\",\"item\":\"https:\\\/\\\/edelifeclinicaltrial.com\\\/fr\\\/\"},{\"@type\":\"ListItem\",\"position\":2,\"name\":\"Politique de confidentialit\u00e9\"}]},{\"@type\":\"WebSite\",\"@id\":\"https:\\\/\\\/edelifeclinicaltrial.com\\\/fr\\\/#website\",\"url\":\"https:\\\/\\\/edelifeclinicaltrial.com\\\/fr\\\/\",\"name\":\"Edelife\",\"description\":\"A prenatal clinical study for pregnant mothers and their unborn XLHED-affected sons\",\"publisher\":{\"@id\":\"https:\\\/\\\/edelifeclinicaltrial.com\\\/fr\\\/#organization\"},\"potentialAction\":[{\"@type\":\"SearchAction\",\"target\":{\"@type\":\"EntryPoint\",\"urlTemplate\":\"https:\\\/\\\/edelifeclinicaltrial.com\\\/fr\\\/?s={search_term_string}\"},\"query-input\":{\"@type\":\"PropertyValueSpecification\",\"valueRequired\":true,\"valueName\":\"search_term_string\"}}],\"inLanguage\":\"fr-FR\"},{\"@type\":\"Organization\",\"@id\":\"https:\\\/\\\/edelifeclinicaltrial.com\\\/fr\\\/#organization\",\"name\":\"Edelife\",\"url\":\"https:\\\/\\\/edelifeclinicaltrial.com\\\/fr\\\/\",\"logo\":{\"@type\":\"ImageObject\",\"inLanguage\":\"fr-FR\",\"@id\":\"https:\\\/\\\/edelifeclinicaltrial.com\\\/fr\\\/#\\\/schema\\\/logo\\\/image\\\/\",\"url\":\"https:\\\/\\\/edelifeclinicaltrial.com\\\/wp-content\\\/uploads\\\/2021\\\/11\\\/logo-edelife.png\",\"contentUrl\":\"https:\\\/\\\/edelifeclinicaltrial.com\\\/wp-content\\\/uploads\\\/2021\\\/11\\\/logo-edelife.png\",\"width\":733,\"height\":485,\"caption\":\"Edelife\"},\"image\":{\"@id\":\"https:\\\/\\\/edelifeclinicaltrial.com\\\/fr\\\/#\\\/schema\\\/logo\\\/image\\\/\"}}]}<\/script>\n<!-- \/ Yoast SEO plugin. -->","yoast_head_json":{"title":"Politique de confidentialit\u00e9 | Edelife","description":"A prenatal study for XLHED affected boys","robots":{"index":"index","follow":"follow","max-snippet":"max-snippet:-1","max-image-preview":"max-image-preview:large","max-video-preview":"max-video-preview:-1"},"canonical":"https:\/\/edelifeclinicaltrial.com\/fr\/politique-de-confidentialite\/","og_locale":"fr_FR","og_type":"article","og_title":"Politique de confidentialit\u00e9 | Edelife","og_description":"A prenatal study for XLHED affected boys","og_url":"https:\/\/edelifeclinicaltrial.com\/fr\/politique-de-confidentialite\/","og_site_name":"Edelife","article_modified_time":"2022-07-22T07:54:34+00:00","twitter_card":"summary_large_image","schema":{"@context":"https:\/\/schema.org","@graph":[{"@type":"WebPage","@id":"https:\/\/edelifeclinicaltrial.com\/fr\/politique-de-confidentialite\/","url":"https:\/\/edelifeclinicaltrial.com\/fr\/politique-de-confidentialite\/","name":"Politique de confidentialit\u00e9 | Edelife","isPartOf":{"@id":"https:\/\/edelifeclinicaltrial.com\/fr\/#website"},"datePublished":"2022-06-13T10:50:06+00:00","dateModified":"2022-07-22T07:54:34+00:00","description":"A prenatal study for XLHED affected boys","breadcrumb":{"@id":"https:\/\/edelifeclinicaltrial.com\/fr\/politique-de-confidentialite\/#breadcrumb"},"inLanguage":"fr-FR","potentialAction":[{"@type":"ReadAction","target":["https:\/\/edelifeclinicaltrial.com\/fr\/politique-de-confidentialite\/"]}]},{"@type":"BreadcrumbList","@id":"https:\/\/edelifeclinicaltrial.com\/fr\/politique-de-confidentialite\/#breadcrumb","itemListElement":[{"@type":"ListItem","position":1,"name":"Home","item":"https:\/\/edelifeclinicaltrial.com\/fr\/"},{"@type":"ListItem","position":2,"name":"Politique de confidentialit\u00e9"}]},{"@type":"WebSite","@id":"https:\/\/edelifeclinicaltrial.com\/fr\/#website","url":"https:\/\/edelifeclinicaltrial.com\/fr\/","name":"Edelife","description":"A prenatal clinical study for pregnant mothers and their unborn XLHED-affected sons","publisher":{"@id":"https:\/\/edelifeclinicaltrial.com\/fr\/#organization"},"potentialAction":[{"@type":"SearchAction","target":{"@type":"EntryPoint","urlTemplate":"https:\/\/edelifeclinicaltrial.com\/fr\/?s={search_term_string}"},"query-input":{"@type":"PropertyValueSpecification","valueRequired":true,"valueName":"search_term_string"}}],"inLanguage":"fr-FR"},{"@type":"Organization","@id":"https:\/\/edelifeclinicaltrial.com\/fr\/#organization","name":"Edelife","url":"https:\/\/edelifeclinicaltrial.com\/fr\/","logo":{"@type":"ImageObject","inLanguage":"fr-FR","@id":"https:\/\/edelifeclinicaltrial.com\/fr\/#\/schema\/logo\/image\/","url":"https:\/\/edelifeclinicaltrial.com\/wp-content\/uploads\/2021\/11\/logo-edelife.png","contentUrl":"https:\/\/edelifeclinicaltrial.com\/wp-content\/uploads\/2021\/11\/logo-edelife.png","width":733,"height":485,"caption":"Edelife"},"image":{"@id":"https:\/\/edelifeclinicaltrial.com\/fr\/#\/schema\/logo\/image\/"}}]}},"_links":{"self":[{"href":"https:\/\/edelifeclinicaltrial.com\/fr\/wp-json\/wp\/v2\/pages\/975","targetHints":{"allow":["GET"]}}],"collection":[{"href":"https:\/\/edelifeclinicaltrial.com\/fr\/wp-json\/wp\/v2\/pages"}],"about":[{"href":"https:\/\/edelifeclinicaltrial.com\/fr\/wp-json\/wp\/v2\/types\/page"}],"author":[{"embeddable":true,"href":"https:\/\/edelifeclinicaltrial.com\/fr\/wp-json\/wp\/v2\/users\/2"}],"replies":[{"embeddable":true,"href":"https:\/\/edelifeclinicaltrial.com\/fr\/wp-json\/wp\/v2\/comments?post=975"}],"version-history":[{"count":5,"href":"https:\/\/edelifeclinicaltrial.com\/fr\/wp-json\/wp\/v2\/pages\/975\/revisions"}],"predecessor-version":[{"id":1043,"href":"https:\/\/edelifeclinicaltrial.com\/fr\/wp-json\/wp\/v2\/pages\/975\/revisions\/1043"}],"wp:attachment":[{"href":"https:\/\/edelifeclinicaltrial.com\/fr\/wp-json\/wp\/v2\/media?parent=975"}],"curies":[{"name":"wp","href":"https:\/\/api.w.org\/{rel}","templated":true}]}}