{"id":944,"date":"2022-06-13T08:19:05","date_gmt":"2022-06-13T08:19:05","guid":{"rendered":"https:\/\/edelifeclinicaltrial.com\/?page_id=944"},"modified":"2023-07-21T07:16:17","modified_gmt":"2023-07-21T07:16:17","slug":"a-propos-dedelife","status":"publish","type":"page","link":"https:\/\/edelifeclinicaltrial.com\/fr\/a-propos-dedelife\/","title":{"rendered":"\u00c0 propos d'Edelife"},"content":{"rendered":"","protected":false},"excerpt":{"rendered":"","protected":false},"author":2,"featured_media":0,"parent":0,"menu_order":2,"comment_status":"closed","ping_status":"closed","template":"","meta":{"footnotes":""},"class_list":["post-944","page","type-page","status-publish","hentry"],"yoast_head":"<!-- This site is optimized with the Yoast SEO plugin v27.3 - https:\/\/yoast.com\/product\/yoast-seo-wordpress\/ -->\n<title>\u00c0 propos d&#039;Edelife | Edelife<\/title>\n<meta name=\"description\" content=\"En savoir plus sur la participation \u00e0 Edelife. Inclusion avant la 23e semaine de grossesse. Aucun traitement n&#039;est administr\u00e9 apr\u00e8s la naissance. Contacter un m\u00e9decin responsable de l\u2019\u00e9tude.\" \/>\n<meta name=\"robots\" content=\"index, follow, max-snippet:-1, max-image-preview:large, max-video-preview:-1\" \/>\n<link rel=\"canonical\" href=\"https:\/\/edelifeclinicaltrial.com\/fr\/a-propos-dedelife\/\" \/>\n<meta property=\"og:locale\" content=\"fr_FR\" \/>\n<meta property=\"og:type\" content=\"article\" \/>\n<meta property=\"og:title\" content=\"\u00c0 propos d&#039;Edelife | Edelife\" \/>\n<meta property=\"og:description\" content=\"En savoir plus sur la participation \u00e0 Edelife. Inclusion avant la 23e semaine de grossesse. Aucun traitement n&#039;est administr\u00e9 apr\u00e8s la naissance. Contacter un m\u00e9decin responsable de l\u2019\u00e9tude.\" \/>\n<meta property=\"og:url\" content=\"https:\/\/edelifeclinicaltrial.com\/fr\/a-propos-dedelife\/\" \/>\n<meta property=\"og:site_name\" content=\"Edelife\" \/>\n<meta property=\"article:modified_time\" content=\"2023-07-21T07:16:17+00:00\" \/>\n<meta name=\"twitter:card\" content=\"summary_large_image\" \/>\n<script type=\"application\/ld+json\" class=\"yoast-schema-graph\">{\"@context\":\"https:\\\/\\\/schema.org\",\"@graph\":[{\"@type\":\"WebPage\",\"@id\":\"https:\\\/\\\/edelifeclinicaltrial.com\\\/fr\\\/a-propos-dedelife\\\/\",\"url\":\"https:\\\/\\\/edelifeclinicaltrial.com\\\/fr\\\/a-propos-dedelife\\\/\",\"name\":\"\u00c0 propos d'Edelife | Edelife\",\"isPartOf\":{\"@id\":\"https:\\\/\\\/edelifeclinicaltrial.com\\\/fr\\\/#website\"},\"datePublished\":\"2022-06-13T08:19:05+00:00\",\"dateModified\":\"2023-07-21T07:16:17+00:00\",\"description\":\"En savoir plus sur la participation \u00e0 Edelife. Inclusion avant la 23e semaine de grossesse. Aucun traitement n'est administr\u00e9 apr\u00e8s la naissance. Contacter un m\u00e9decin responsable de l\u2019\u00e9tude.\",\"breadcrumb\":{\"@id\":\"https:\\\/\\\/edelifeclinicaltrial.com\\\/fr\\\/a-propos-dedelife\\\/#breadcrumb\"},\"inLanguage\":\"fr-FR\",\"potentialAction\":[{\"@type\":\"ReadAction\",\"target\":[\"https:\\\/\\\/edelifeclinicaltrial.com\\\/fr\\\/a-propos-dedelife\\\/\"]}]},{\"@type\":\"BreadcrumbList\",\"@id\":\"https:\\\/\\\/edelifeclinicaltrial.com\\\/fr\\\/a-propos-dedelife\\\/#breadcrumb\",\"itemListElement\":[{\"@type\":\"ListItem\",\"position\":1,\"name\":\"Home\",\"item\":\"https:\\\/\\\/edelifeclinicaltrial.com\\\/fr\\\/\"},{\"@type\":\"ListItem\",\"position\":2,\"name\":\"\u00c0 propos d'Edelife\"}]},{\"@type\":\"WebSite\",\"@id\":\"https:\\\/\\\/edelifeclinicaltrial.com\\\/fr\\\/#website\",\"url\":\"https:\\\/\\\/edelifeclinicaltrial.com\\\/fr\\\/\",\"name\":\"Edelife\",\"description\":\"A prenatal clinical study for pregnant mothers and their unborn XLHED-affected sons\",\"publisher\":{\"@id\":\"https:\\\/\\\/edelifeclinicaltrial.com\\\/fr\\\/#organization\"},\"potentialAction\":[{\"@type\":\"SearchAction\",\"target\":{\"@type\":\"EntryPoint\",\"urlTemplate\":\"https:\\\/\\\/edelifeclinicaltrial.com\\\/fr\\\/?s={search_term_string}\"},\"query-input\":{\"@type\":\"PropertyValueSpecification\",\"valueRequired\":true,\"valueName\":\"search_term_string\"}}],\"inLanguage\":\"fr-FR\"},{\"@type\":\"Organization\",\"@id\":\"https:\\\/\\\/edelifeclinicaltrial.com\\\/fr\\\/#organization\",\"name\":\"Edelife\",\"url\":\"https:\\\/\\\/edelifeclinicaltrial.com\\\/fr\\\/\",\"logo\":{\"@type\":\"ImageObject\",\"inLanguage\":\"fr-FR\",\"@id\":\"https:\\\/\\\/edelifeclinicaltrial.com\\\/fr\\\/#\\\/schema\\\/logo\\\/image\\\/\",\"url\":\"https:\\\/\\\/edelifeclinicaltrial.com\\\/wp-content\\\/uploads\\\/2021\\\/11\\\/logo-edelife.png\",\"contentUrl\":\"https:\\\/\\\/edelifeclinicaltrial.com\\\/wp-content\\\/uploads\\\/2021\\\/11\\\/logo-edelife.png\",\"width\":733,\"height\":485,\"caption\":\"Edelife\"},\"image\":{\"@id\":\"https:\\\/\\\/edelifeclinicaltrial.com\\\/fr\\\/#\\\/schema\\\/logo\\\/image\\\/\"}}]}<\/script>\n<!-- \/ Yoast SEO plugin. -->","yoast_head_json":{"title":"\u00c0 propos d'Edelife | Edelife","description":"En savoir plus sur la participation \u00e0 Edelife. Inclusion avant la 23e semaine de grossesse. Aucun traitement n'est administr\u00e9 apr\u00e8s la naissance. Contacter un m\u00e9decin responsable de l\u2019\u00e9tude.","robots":{"index":"index","follow":"follow","max-snippet":"max-snippet:-1","max-image-preview":"max-image-preview:large","max-video-preview":"max-video-preview:-1"},"canonical":"https:\/\/edelifeclinicaltrial.com\/fr\/a-propos-dedelife\/","og_locale":"fr_FR","og_type":"article","og_title":"\u00c0 propos d'Edelife | Edelife","og_description":"En savoir plus sur la participation \u00e0 Edelife. Inclusion avant la 23e semaine de grossesse. Aucun traitement n'est administr\u00e9 apr\u00e8s la naissance. Contacter un m\u00e9decin responsable de l\u2019\u00e9tude.","og_url":"https:\/\/edelifeclinicaltrial.com\/fr\/a-propos-dedelife\/","og_site_name":"Edelife","article_modified_time":"2023-07-21T07:16:17+00:00","twitter_card":"summary_large_image","schema":{"@context":"https:\/\/schema.org","@graph":[{"@type":"WebPage","@id":"https:\/\/edelifeclinicaltrial.com\/fr\/a-propos-dedelife\/","url":"https:\/\/edelifeclinicaltrial.com\/fr\/a-propos-dedelife\/","name":"\u00c0 propos d'Edelife | Edelife","isPartOf":{"@id":"https:\/\/edelifeclinicaltrial.com\/fr\/#website"},"datePublished":"2022-06-13T08:19:05+00:00","dateModified":"2023-07-21T07:16:17+00:00","description":"En savoir plus sur la participation \u00e0 Edelife. Inclusion avant la 23e semaine de grossesse. Aucun traitement n'est administr\u00e9 apr\u00e8s la naissance. Contacter un m\u00e9decin responsable de l\u2019\u00e9tude.","breadcrumb":{"@id":"https:\/\/edelifeclinicaltrial.com\/fr\/a-propos-dedelife\/#breadcrumb"},"inLanguage":"fr-FR","potentialAction":[{"@type":"ReadAction","target":["https:\/\/edelifeclinicaltrial.com\/fr\/a-propos-dedelife\/"]}]},{"@type":"BreadcrumbList","@id":"https:\/\/edelifeclinicaltrial.com\/fr\/a-propos-dedelife\/#breadcrumb","itemListElement":[{"@type":"ListItem","position":1,"name":"Home","item":"https:\/\/edelifeclinicaltrial.com\/fr\/"},{"@type":"ListItem","position":2,"name":"\u00c0 propos d'Edelife"}]},{"@type":"WebSite","@id":"https:\/\/edelifeclinicaltrial.com\/fr\/#website","url":"https:\/\/edelifeclinicaltrial.com\/fr\/","name":"Edelife","description":"A prenatal clinical study for pregnant mothers and their unborn XLHED-affected sons","publisher":{"@id":"https:\/\/edelifeclinicaltrial.com\/fr\/#organization"},"potentialAction":[{"@type":"SearchAction","target":{"@type":"EntryPoint","urlTemplate":"https:\/\/edelifeclinicaltrial.com\/fr\/?s={search_term_string}"},"query-input":{"@type":"PropertyValueSpecification","valueRequired":true,"valueName":"search_term_string"}}],"inLanguage":"fr-FR"},{"@type":"Organization","@id":"https:\/\/edelifeclinicaltrial.com\/fr\/#organization","name":"Edelife","url":"https:\/\/edelifeclinicaltrial.com\/fr\/","logo":{"@type":"ImageObject","inLanguage":"fr-FR","@id":"https:\/\/edelifeclinicaltrial.com\/fr\/#\/schema\/logo\/image\/","url":"https:\/\/edelifeclinicaltrial.com\/wp-content\/uploads\/2021\/11\/logo-edelife.png","contentUrl":"https:\/\/edelifeclinicaltrial.com\/wp-content\/uploads\/2021\/11\/logo-edelife.png","width":733,"height":485,"caption":"Edelife"},"image":{"@id":"https:\/\/edelifeclinicaltrial.com\/fr\/#\/schema\/logo\/image\/"}}]}},"_links":{"self":[{"href":"https:\/\/edelifeclinicaltrial.com\/fr\/wp-json\/wp\/v2\/pages\/944","targetHints":{"allow":["GET"]}}],"collection":[{"href":"https:\/\/edelifeclinicaltrial.com\/fr\/wp-json\/wp\/v2\/pages"}],"about":[{"href":"https:\/\/edelifeclinicaltrial.com\/fr\/wp-json\/wp\/v2\/types\/page"}],"author":[{"embeddable":true,"href":"https:\/\/edelifeclinicaltrial.com\/fr\/wp-json\/wp\/v2\/users\/2"}],"replies":[{"embeddable":true,"href":"https:\/\/edelifeclinicaltrial.com\/fr\/wp-json\/wp\/v2\/comments?post=944"}],"version-history":[{"count":3,"href":"https:\/\/edelifeclinicaltrial.com\/fr\/wp-json\/wp\/v2\/pages\/944\/revisions"}],"predecessor-version":[{"id":1831,"href":"https:\/\/edelifeclinicaltrial.com\/fr\/wp-json\/wp\/v2\/pages\/944\/revisions\/1831"}],"wp:attachment":[{"href":"https:\/\/edelifeclinicaltrial.com\/fr\/wp-json\/wp\/v2\/media?parent=944"}],"curies":[{"name":"wp","href":"https:\/\/api.w.org\/{rel}","templated":true}]}}