{"id":1094,"date":"2022-07-05T10:11:11","date_gmt":"2022-07-05T10:11:11","guid":{"rendered":"https:\/\/edelifeclinicaltrial.com\/?page_id=1094"},"modified":"2023-07-11T10:29:07","modified_gmt":"2023-07-11T10:29:07","slug":"politica-de-privacidad","status":"publish","type":"page","link":"https:\/\/edelifeclinicaltrial.com\/es\/politica-de-privacidad\/","title":{"rendered":"Pol\u00edtica de privacidad"},"content":{"rendered":"\n<h2 class=\"wp-block-heading has-large-font-size\">Pol\u00edtica de protecci\u00f3n de datos personales del Grupo Pierre Fabre<\/h2>\n\n\n\n<p>Gracias por visitar nuestro sitio web. La protecci\u00f3n y la seguridad de los datos personales de nuestros clientes y usuarios es una preocupaci\u00f3n fundamental para el Grupo Pierre Fabre.<\/p>\n\n\n\n<p>Esta pol\u00edtica de privacidad explica qu\u00e9 datos se recogen cuando usted consulta y utiliza nuestro sitio web y c\u00f3mo se procesan.<\/p>\n\n\n\n<h3 class=\"wp-block-heading has-text-color\" style=\"color:#295493\">I - \u00bfQui\u00e9nes somos?<\/h3>\n\n\n\n<p>Este sitio web (en adelante, el \"sitio web\") es operado por Pierre Fabre M\u00e9dicament<\/p>\n\n\n\n<p>Soci\u00e9t\u00e9 par actions simplifi\u00e9e, con sede en Les Cauquillous - 81500 LAVAUR - Francia (en adelante \"Pierre Fabre\" o \"Nosotros\"), que es responsable del tratamiento de los datos personales que puedan ser recogidos de usted en el Sitio Web para los fines descritos a continuaci\u00f3n.<\/p>\n\n\n\n<p>Le invitamos a leer atentamente esta Pol\u00edtica de Privacidad para conocer las condiciones de tratamiento de sus datos personales cuando consulte nuestro Sitio Web. Tenga en cuenta que puede ser actualizada en cualquier momento por Pierre Fabre. La fecha de la \u00faltima actualizaci\u00f3n aparecer\u00e1 en esta p\u00e1gina. Por lo tanto, le invitamos a consultarla regularmente.<\/p>\n\n\n\n<h3 class=\"wp-block-heading has-text-color\" style=\"color:#295493\">II - Informaci\u00f3n que recogemos sobre usted<\/h3>\n\n\n\n<p>En funci\u00f3n de los servicios de nuestro sitio web que usted utilice y de su elecci\u00f3n de configuraci\u00f3n del terminal (en particular, en lo que respecta a las cookies y otros rastreadores), los datos personales que le conciernen (en lo sucesivo, \"sus Datos Personales\") recogidos y tratados por Pierre Fabre son :<\/p>\n\n\n\n<p>Los datos generados por su navegador, recogidos autom\u00e1ticamente por nuestro servidor a trav\u00e9s de \"cookies y otros rastreadores\": Los datos espec\u00edficos de los sitios visitados: el nombre del dominio; la fecha, la hora y la duraci\u00f3n de su visita; las p\u00e1ginas y consultadas.<\/p>\n\n\n\n<p>Datos espec\u00edficos sobre usted: su direcci\u00f3n IP (ubicaci\u00f3n de su punto de entrada en la red; tipo de navegador, sistema operativo),<\/p>\n\n\n\n<p>No utilizamos estos Datos Personales recogidos autom\u00e1ticamente para intentar identificarle, ni los correlacionamos con los Datos Personales detallados anteriormente que usted nos proporciona.<\/p>\n\n\n\n<p>Tambi\u00e9n podemos obtener informaci\u00f3n personal sobre usted de terceros (por ejemplo, el perfil de una red social si ha iniciado sesi\u00f3n en su \u00e1rea de miembro con su perfil de la red social).<\/p>\n\n\n\n<h3 class=\"wp-block-heading has-text-color\" style=\"color:#295493\">III - Finalidades del tratamiento de sus datos personales<\/h3>\n\n\n\n<p>A continuaci\u00f3n encontrar\u00e1 un resumen de los fines para los que tratamos sus Datos Personales y las razones por las que necesitamos tratarlos.<\/p>\n\n\n\n<figure id=\"privacy-tables\" class=\"wp-block-table\"><table><thead><tr><th><strong>Fines del tratamiento<\/strong><\/th><th><strong>Base jur\u00eddica asociada<\/strong><\/th><\/tr><\/thead><tbody><tr><td>Realizar an\u00e1lisis estad\u00edsticos<\/td><td>Su consentimiento<\/td><\/tr><\/tbody><\/table><\/figure>\n\n\n\n<h3 class=\"wp-block-heading has-text-color\" style=\"color:#295493\">IV - Comunicaci\u00f3n y transferencia de datos personales<\/h3>\n\n\n\n<p>Formamos parte del Grupo Pierre Fabre en todo el mundo, y de vez en cuando podemos necesitar comunicar sus Datos Personales dentro del Grupo Pierre Fabre para los fines mencionados anteriormente.<\/p>\n\n\n\n<p>Tambi\u00e9n podemos nombrar a terceros proveedores de servicios (que actuar\u00e1n de acuerdo con nuestras instrucciones) para que nos ayuden a proporcionarle informaci\u00f3n, productos o servicios, a dirigir y gestionar nuestro negocio, o a gestionar y mejorar nuestro sitio web. En tal caso, estos terceros pueden necesitar acceder a sus Datos Personales.<br>Si sus Datos Personales se transfieren fuera del EEE (Espacio Econ\u00f3mico Europeo) a otras empresas del Grupo Pierre Fabre o a proveedores de servicios, tomaremos medidas para garantizar que sus Datos Personales se beneficien del mismo nivel de protecci\u00f3n que si hubieran permanecido en el EEE, incluso mediante la celebraci\u00f3n de contratos de transferencia de datos, sobre la base de las cl\u00e1usulas contractuales tipo aprobadas por la Comisi\u00f3n Europea, actualizadas o revisadas, u otros mecanismos de transferencia como, en su caso, las decisiones de adecuaci\u00f3n, las Normas Corporativas Vinculantes o los contratos aprobados por las autoridades de protecci\u00f3n de datos de la UE.<\/p>\n\n\n\n<p>Tambi\u00e9n podemos revelar sus Datos Personales a terceros en relaci\u00f3n con cualquier venta real o potencial de Pierre Fabre o de cualquier activo de nuestra propiedad o de empresas afiliadas, en cuyo caso los Datos Personales que tenemos sobre nuestros usuarios pueden ser los de los activos transferidos.<\/p>\n\n\n\n<p>Tambi\u00e9n responderemos a las solicitudes de informaci\u00f3n si estamos obligados a hacerlo por ley, o si dicha divulgaci\u00f3n es necesaria para proteger nuestros derechos y\/o para cumplir con una orden judicial, una solicitud de un regulador o cualquier otro procedimiento legal o administrativo contra nosotros.<\/p>\n\n\n\n<h3 class=\"wp-block-heading has-text-color\" style=\"color:#295493\">V - Conservaci\u00f3n de sus datos personales<\/h3>\n\n\n\n<p>Por regla general, conservamos sus Datos Personales s\u00f3lo durante el tiempo necesario para cumplir los fines para los que fueron recogidos.<\/p>\n\n\n\n<p>Conservamos sus Datos Personales s\u00f3lo durante el tiempo estrictamente necesario para gestionar la relaci\u00f3n con usted.<\/p>\n\n\n\n<p>Sin embargo, conservaremos sus Datos Personales con fines de marketing durante tres a\u00f1os a partir de la fecha de la \u00faltima interacci\u00f3n entre nosotros si usted no es cliente y mientras sigamos en contacto con usted a trav\u00e9s de nuestras actividades promocionales si es cliente, a menos que se oponga cuando reciba uno de nuestros mensajes de marketing.<\/p>\n\n\n\n<p>Las direcciones IP recogidas por motivos de seguridad no se conservar\u00e1n durante m\u00e1s de 10 d\u00edas.<\/p>\n\n\n\n<p>Por \u00faltimo, los registros de conexi\u00f3n que se recopilen se conservar\u00e1n, si usted lo consiente, mediante cookies y otros rastreadores utilizados en nuestro sitio web, durante un per\u00edodo no superior a trece (13) meses, de conformidad con las leyes y reglamentos aplicables. Para m\u00e1s detalles, consulte la secci\u00f3n \"Cookies\" m\u00e1s abajo.<\/p>\n\n\n\n<p>Es posible que necesitemos conservar sus Datos Personales en forma de archivo m\u00e1s all\u00e1 del per\u00edodo indicado a continuaci\u00f3n para cumplir con nuestras obligaciones legales o, si es necesario en vista de la prescripci\u00f3n aplicable, para hacer valer uno de nuestros derechos.<\/p>\n\n\n\n<p>Una vez que sus Datos Personales ya no son necesarios para los fines o para archivarlos para cumplir con nuestras obligaciones legales o para la prescripci\u00f3n, nos aseguramos de destruirlos o hacerlos an\u00f3nimos.<\/p>\n\n\n\n<h3 class=\"wp-block-heading has-text-color\" style=\"color:#295493\">VI - Enlaces externos<\/h3>\n\n\n\n<p>El sitio web puede contener enlaces a sitios de terceros. Dado que Pierre Fabre no tiene control sobre estos sitios y no es responsable de sus pr\u00e1cticas de protecci\u00f3n de datos, le recomendamos que compruebe las pol\u00edticas de protecci\u00f3n de datos de estos sitios de terceros. Esta pol\u00edtica se aplica \u00fanicamente a los datos personales recogidos por nuestros sitios web o durante nuestras actividades.<\/p>\n\n\n\n<h3 class=\"wp-block-heading has-text-color\" style=\"color:#295493\">VII - Sus derechos<\/h3>\n\n\n\n<p>De acuerdo con la normativa aplicable, usted tiene los siguientes derechos con respecto a sus Datos Personales:<\/p>\n\n\n\n<ul class=\"wp-block-list\">\n<li>Obtener una copia de sus datos personales, informaci\u00f3n sobre los m\u00e9todos de tratamiento y su base legal.<\/li>\n\n\n\n<li>Rectificar los datos personales err\u00f3neos (incluido el derecho a completar los datos personales incompletos);<\/li>\n\n\n\n<li>Eliminar sus Datos Personales en la medida en que la base legal lo permita . Adem\u00e1s, en algunos casos, este derecho s\u00f3lo puede aplicarse cuando ya no es necesario para lograr los fines para los que fueron recogidos o tratados.<\/li>\n\n\n\n<li>Restringir el tratamiento de sus Datos Personales cuando:\n<ul class=\"wp-block-list\">\n<li>Se discute la exactitud de los Datos Personales;<\/li>\n\n\n\n<li>El tratamiento es ilegal, pero usted se opone a la supresi\u00f3n de sus datos personales.<\/li>\n\n\n\n<li>Ya no necesitamos sus datos personales, pero siguen siendo necesarios para el establecimiento, el ejercicio o la definici\u00f3n de un derecho en los tribunales.<\/li>\n<\/ul>\n<\/li>\n\n\n\n<li>Solicitar la portabilidad de sus Datos Personales en formato legible por m\u00e1quina a un tercero (o a usted) si nuestro tratamiento se basa en su consentimiento o en la ejecuci\u00f3n de un contrato con usted.<\/li>\n\n\n\n<li>Obtener o consultar una copia de las medidas apropiadas adoptadas para transferir sus Datos Personales a un tercer pa\u00eds o a una organizaci\u00f3n internacional.<\/li>\n\n\n\n<li>Retirar su consentimiento para el tratamiento de sus Datos Personales (si dicho tratamiento se basa en su consentimiento) sin perjuicio de la legalidad del tratamiento basado en el consentimiento realizado antes de la retirada de dicho consentimiento.<\/li>\n\n\n\n<li>Dar instrucciones generales o espec\u00edficas sobre c\u00f3mo se tratar\u00e1n y utilizar\u00e1n sus Datos Personales tras su fallecimiento.<\/li>\n\n\n\n<li>Oponerse en cualquier momento al tratamiento con fines de prospecci\u00f3n. En Francia, para evitar cualquier contacto telef\u00f3nico, reg\u00edstrese gratuitamente en el sitio web https:\/\/www.bloctel.gouv.fr\/. Para los dem\u00e1s pa\u00edses, p\u00f3ngase en contacto con las autoridades locales.<\/li>\n\n\n\n<li>Adem\u00e1s de los derechos mencionados, tiene derecho a oponerse a cualquier tratamiento de<\/li>\n<\/ul>\n\n\n\n<p>sus datos personales justificados por el inter\u00e9s leg\u00edtimo de Pierre Fabre, incluida la elaboraci\u00f3n de perfiles (contrariamente a una justificaci\u00f3n por su consentimiento, o para ejecutar un contrato con usted).<\/p>\n\n\n\n<p>Tambi\u00e9n tiene derecho a presentar una reclamaci\u00f3n ante la autoridad local de supervisi\u00f3n de la protecci\u00f3n de datos.<\/p>\n\n\n\n<p>Para ejercer estos derechos, p\u00f3ngase en contacto con nosotros utilizando los datos de contacto que figuran a continuaci\u00f3n, en el apartado \"Contacto\". Tenga en cuenta que podemos pedirle una prueba de identidad, y nos reservamos el derecho a cobrar una tarifa si la ley nos lo permite, por ejemplo, si su solicitud es manifiestamente infundada o excesiva. Nos esforzaremos por responder a su solicitud dentro de los plazos establecidos.<\/p>\n\n\n\n<h3 class=\"wp-block-heading has-text-color\" style=\"color:#295493\">VIII - Cookies<\/h3>\n\n\n\n<p>Una cookie es un peque\u00f1o archivo que puede colocarse en el disco duro de su dispositivo o en el servidor de un sitio web. Utilizamos cookies para obtener cierta informaci\u00f3n recopilada autom\u00e1ticamente que se ha descrito anteriormente. Usted no est\u00e1 obligado a aceptar una cookie, y puede elegir qu\u00e9 cookie aceptar modificando la configuraci\u00f3n de su navegador para que no acepte cookies. Por supuesto, puede oponerse a su presencia y rechazarlas o eliminarlas. Para ello, puede eliminarlas de su dispositivo consultando la p\u00e1gina de ayuda del navegador que est\u00e9 utilizando u oponerse al almacenamiento de \"cookies\" desactivando esta funci\u00f3n en su navegador.<\/p>\n\n\n\n<h3 class=\"wp-block-heading has-text-color\" style=\"color:#295493\">IX - Tipos de cookies que utilizamos<\/h3>\n\n\n\n<p>En nuestro sitio web utilizamos varios tipos de cookies con diferentes fines: estas cookies se conocen como cookies estrictamente necesarias, cookies de rendimiento, cookies de marketing y cookies funcionales. Algunas cookies pueden ser proporcionadas por un tercero para proporcionar una funcionalidad adicional a nuestro sitio web y se enumeran a continuaci\u00f3n.<\/p>\n\n\n\n<p><strong>- Cookies estrictamente necesarias:<\/strong><\/p>\n\n\n\n<p>Estas cookies son necesarias para el funcionamiento del sitio web y no pueden desactivarse en nuestros sistemas. Por lo general, se instalan como respuesta a acciones que usted ha realizado y que constituyen una solicitud de servicios, como la configuraci\u00f3n de sus preferencias de privacidad, el inicio de sesi\u00f3n o la cumplimentaci\u00f3n de formularios. Puede configurar su navegador para que las bloquee o le notifique la existencia de estas cookies, pero algunas partes del sitio web pueden verse afectadas. Estas cookies no almacenan ninguna informaci\u00f3n de identificaci\u00f3n personal.<\/p>\n\n\n\n<p><strong>- Cookies de rendimiento:<\/strong><\/p>\n\n\n\n<p>Estas cookies nos permiten determinar el n\u00famero de visitas y las fuentes de tr\u00e1fico para medir y mejorar el rendimiento de nuestro sitio web. Tambi\u00e9n nos ayudan a identificar las p\u00e1ginas m\u00e1s\/menos visitadas y a evaluar c\u00f3mo navegan los visitantes por el sitio web. Toda la informaci\u00f3n recopilada por estas cookies es agregada y, por tanto, an\u00f3nima. Si no acepta estas cookies, no se nos informar\u00e1 de su visita a nuestro sitio.<\/p>\n\n\n\n<p><strong>- Cookies de funcionalidad:<\/strong><\/p>\n\n\n\n<p>Estas cookies nos permiten mejorar y personalizar las funciones del sitio web. Pueden ser activadas por nuestros equipos, o por terceros cuyos servicios se utilizan en las p\u00e1ginas de nuestro sitio web. Si no acepta estas cookies, es posible que algunos o todos estos servicios no funcionen correctamente.<\/p>\n\n\n\n<p>A continuaci\u00f3n encontrar\u00e1 la lista de cookies que se utilizan en nuestro sitio web:<\/p>\n\n\n\n<figure id=\"privacy-tables\" class=\"wp-block-table\"><table><thead><tr><th><strong>Categor\u00eda<\/strong><\/th><th><strong>Tipo<\/strong><\/th><th><strong>Nombre(s)<\/strong><\/th><th><strong>Nombre de la aplicaci\u00f3n<\/strong><\/th><th><strong>Vida \u00fatil<\/strong><\/th><\/tr><\/thead><tbody><tr><td>Utilizamos Matomo para las estad\u00edsticas del sitio web<\/td><td>Sesi\u00f3n<\/td><td>_pk_id<br>_pk_ses<\/td><td>Matomo<\/td><td>Almacenar un ID de usuario \u00fanico.<br>Almacenar un ID de sesi\u00f3n \u00fanico.<br>Estos datos no se comparten con terceros.<\/td><\/tr><tr><td>Utilizamos Complianz para la gesti\u00f3n del consentimiento de las cookies<\/td><td>365 d\u00edas<\/td><td>cmplz_banner-status<\/td><td>Complianz<\/td><td>Almacena si el banner de cookies ha sido descartado.<br>Estos datos no se comparten con terceros.<\/td><\/tr><tr><td>Utilizamos WPML para la gesti\u00f3n de la configuraci\u00f3n regional<\/td><td>1 d\u00eda<\/td><td>wp-wpml_current_language<\/td><td>WPML<\/td><td>Almacenar la configuraci\u00f3n del idioma.<br>Estos datos no se comparten con terceros.<\/td><\/tr><\/tbody><\/table><\/figure>\n\n\n\n<h3 class=\"wp-block-heading has-text-color\" style=\"color:#295493\">X - Eliminaci\u00f3n de cookies<\/h3>\n\n\n\n<p>Si usted rechaza las cookies, no colocaremos ninguna otra en su dispositivo, excepto las cookies de funci\u00f3n indicadas anteriormente (incluida, en particular, una cookie para recordar que no desea que se instalen cookies cuando visite el sitio web).<\/p>\n\n\n\n<p>Sin embargo, tenga en cuenta que si decide eliminar o rechazar determinadas cookies, esto afectar\u00e1 a determinadas funciones o servicios de nuestro sitio web.<\/p>\n\n\n\n<h3 class=\"wp-block-heading has-text-color\" style=\"color:#295493\">XI - Actualizaci\u00f3n de la pol\u00edtica de privacidad<\/h3>\n\n\n\n<p>Podemos modificar esta pol\u00edtica de privacidad en cualquier momento para reflejar los cambios en la ley y\/o en nuestras pr\u00e1cticas de privacidad.<\/p>\n\n\n\n<h3 class=\"wp-block-heading has-text-color\" style=\"color:#295493\">XII - Informaci\u00f3n de contacto<\/h3>\n\n\n\n<p>Si tiene alguna pregunta sobre esta pol\u00edtica de privacidad o si desea ejercer alguno de sus derechos, p\u00f3ngase en contacto con nuestro responsable de protecci\u00f3n de datos en dpofr@pierre-fabre.com.<\/p>\n\n\n\n<p><em><em>\u00daltima modificaci\u00f3n: 16\/05\/2022<\/em><\/em><\/p>\n","protected":false},"excerpt":{"rendered":"<p>Pol\u00edtica de protecci\u00f3n de datos personales del Grupo Pierre Fabre Gracias por visitar nuestro sitio web. La protecci\u00f3n y la seguridad de los datos personales de nuestros clientes y usuarios es una preocupaci\u00f3n fundamental para el Grupo Pierre Fabre. Esta pol\u00edtica de privacidad explica qu\u00e9 datos se recogen cuando usted consulta y utiliza nuestro sitio [&hellip;]<\/p>\n","protected":false},"author":2,"featured_media":0,"parent":0,"menu_order":0,"comment_status":"closed","ping_status":"open","template":"","meta":{"footnotes":""},"class_list":["post-1094","page","type-page","status-publish","hentry"],"yoast_head":"<!-- This site is optimized with the Yoast SEO plugin v27.4 - https:\/\/yoast.com\/product\/yoast-seo-wordpress\/ -->\n<title>Pol\u00edtica de privacidad | Edelife<\/title>\n<meta name=\"description\" content=\"A prenatal study for XLHED affected boys\" \/>\n<meta name=\"robots\" content=\"index, follow, max-snippet:-1, max-image-preview:large, max-video-preview:-1\" \/>\n<link rel=\"canonical\" href=\"https:\/\/edelifeclinicaltrial.com\/es\/politica-de-privacidad\/\" \/>\n<meta property=\"og:locale\" content=\"es_ES\" \/>\n<meta property=\"og:type\" content=\"article\" \/>\n<meta property=\"og:title\" content=\"Pol\u00edtica de privacidad | Edelife\" \/>\n<meta property=\"og:description\" content=\"A prenatal study for XLHED affected boys\" \/>\n<meta property=\"og:url\" content=\"https:\/\/edelifeclinicaltrial.com\/es\/politica-de-privacidad\/\" \/>\n<meta property=\"og:site_name\" content=\"Edelife\" \/>\n<meta property=\"article:modified_time\" content=\"2023-07-11T10:29:07+00:00\" \/>\n<meta name=\"twitter:card\" content=\"summary_large_image\" \/>\n<script type=\"application\/ld+json\" class=\"yoast-schema-graph\">{\"@context\":\"https:\\\/\\\/schema.org\",\"@graph\":[{\"@type\":\"WebPage\",\"@id\":\"https:\\\/\\\/edelifeclinicaltrial.com\\\/es\\\/politica-de-privacidad\\\/\",\"url\":\"https:\\\/\\\/edelifeclinicaltrial.com\\\/es\\\/politica-de-privacidad\\\/\",\"name\":\"Pol\u00edtica de privacidad | Edelife\",\"isPartOf\":{\"@id\":\"https:\\\/\\\/edelifeclinicaltrial.com\\\/es\\\/#website\"},\"datePublished\":\"2022-07-05T10:11:11+00:00\",\"dateModified\":\"2023-07-11T10:29:07+00:00\",\"description\":\"A prenatal study for XLHED affected boys\",\"breadcrumb\":{\"@id\":\"https:\\\/\\\/edelifeclinicaltrial.com\\\/es\\\/politica-de-privacidad\\\/#breadcrumb\"},\"inLanguage\":\"es\",\"potentialAction\":[{\"@type\":\"ReadAction\",\"target\":[\"https:\\\/\\\/edelifeclinicaltrial.com\\\/es\\\/politica-de-privacidad\\\/\"]}]},{\"@type\":\"BreadcrumbList\",\"@id\":\"https:\\\/\\\/edelifeclinicaltrial.com\\\/es\\\/politica-de-privacidad\\\/#breadcrumb\",\"itemListElement\":[{\"@type\":\"ListItem\",\"position\":1,\"name\":\"Home\",\"item\":\"https:\\\/\\\/edelifeclinicaltrial.com\\\/es\\\/\"},{\"@type\":\"ListItem\",\"position\":2,\"name\":\"Pol\u00edtica de privacidad\"}]},{\"@type\":\"WebSite\",\"@id\":\"https:\\\/\\\/edelifeclinicaltrial.com\\\/es\\\/#website\",\"url\":\"https:\\\/\\\/edelifeclinicaltrial.com\\\/es\\\/\",\"name\":\"Edelife\",\"description\":\"A prenatal clinical study for pregnant mothers and their unborn XLHED-affected sons\",\"publisher\":{\"@id\":\"https:\\\/\\\/edelifeclinicaltrial.com\\\/es\\\/#organization\"},\"potentialAction\":[{\"@type\":\"SearchAction\",\"target\":{\"@type\":\"EntryPoint\",\"urlTemplate\":\"https:\\\/\\\/edelifeclinicaltrial.com\\\/es\\\/?s={search_term_string}\"},\"query-input\":{\"@type\":\"PropertyValueSpecification\",\"valueRequired\":true,\"valueName\":\"search_term_string\"}}],\"inLanguage\":\"es\"},{\"@type\":\"Organization\",\"@id\":\"https:\\\/\\\/edelifeclinicaltrial.com\\\/es\\\/#organization\",\"name\":\"Edelife\",\"url\":\"https:\\\/\\\/edelifeclinicaltrial.com\\\/es\\\/\",\"logo\":{\"@type\":\"ImageObject\",\"inLanguage\":\"es\",\"@id\":\"https:\\\/\\\/edelifeclinicaltrial.com\\\/es\\\/#\\\/schema\\\/logo\\\/image\\\/\",\"url\":\"https:\\\/\\\/edelifeclinicaltrial.com\\\/wp-content\\\/uploads\\\/2021\\\/11\\\/logo-edelife.png\",\"contentUrl\":\"https:\\\/\\\/edelifeclinicaltrial.com\\\/wp-content\\\/uploads\\\/2021\\\/11\\\/logo-edelife.png\",\"width\":733,\"height\":485,\"caption\":\"Edelife\"},\"image\":{\"@id\":\"https:\\\/\\\/edelifeclinicaltrial.com\\\/es\\\/#\\\/schema\\\/logo\\\/image\\\/\"}}]}<\/script>\n<!-- \/ Yoast SEO plugin. -->","yoast_head_json":{"title":"Pol\u00edtica de privacidad | Edelife","description":"A prenatal study for XLHED affected boys","robots":{"index":"index","follow":"follow","max-snippet":"max-snippet:-1","max-image-preview":"max-image-preview:large","max-video-preview":"max-video-preview:-1"},"canonical":"https:\/\/edelifeclinicaltrial.com\/es\/politica-de-privacidad\/","og_locale":"es_ES","og_type":"article","og_title":"Pol\u00edtica de privacidad | Edelife","og_description":"A prenatal study for XLHED affected boys","og_url":"https:\/\/edelifeclinicaltrial.com\/es\/politica-de-privacidad\/","og_site_name":"Edelife","article_modified_time":"2023-07-11T10:29:07+00:00","twitter_card":"summary_large_image","schema":{"@context":"https:\/\/schema.org","@graph":[{"@type":"WebPage","@id":"https:\/\/edelifeclinicaltrial.com\/es\/politica-de-privacidad\/","url":"https:\/\/edelifeclinicaltrial.com\/es\/politica-de-privacidad\/","name":"Pol\u00edtica de privacidad | Edelife","isPartOf":{"@id":"https:\/\/edelifeclinicaltrial.com\/es\/#website"},"datePublished":"2022-07-05T10:11:11+00:00","dateModified":"2023-07-11T10:29:07+00:00","description":"A prenatal study for XLHED affected boys","breadcrumb":{"@id":"https:\/\/edelifeclinicaltrial.com\/es\/politica-de-privacidad\/#breadcrumb"},"inLanguage":"es","potentialAction":[{"@type":"ReadAction","target":["https:\/\/edelifeclinicaltrial.com\/es\/politica-de-privacidad\/"]}]},{"@type":"BreadcrumbList","@id":"https:\/\/edelifeclinicaltrial.com\/es\/politica-de-privacidad\/#breadcrumb","itemListElement":[{"@type":"ListItem","position":1,"name":"Home","item":"https:\/\/edelifeclinicaltrial.com\/es\/"},{"@type":"ListItem","position":2,"name":"Pol\u00edtica de privacidad"}]},{"@type":"WebSite","@id":"https:\/\/edelifeclinicaltrial.com\/es\/#website","url":"https:\/\/edelifeclinicaltrial.com\/es\/","name":"Edelife","description":"A prenatal clinical study for pregnant mothers and their unborn XLHED-affected sons","publisher":{"@id":"https:\/\/edelifeclinicaltrial.com\/es\/#organization"},"potentialAction":[{"@type":"SearchAction","target":{"@type":"EntryPoint","urlTemplate":"https:\/\/edelifeclinicaltrial.com\/es\/?s={search_term_string}"},"query-input":{"@type":"PropertyValueSpecification","valueRequired":true,"valueName":"search_term_string"}}],"inLanguage":"es"},{"@type":"Organization","@id":"https:\/\/edelifeclinicaltrial.com\/es\/#organization","name":"Edelife","url":"https:\/\/edelifeclinicaltrial.com\/es\/","logo":{"@type":"ImageObject","inLanguage":"es","@id":"https:\/\/edelifeclinicaltrial.com\/es\/#\/schema\/logo\/image\/","url":"https:\/\/edelifeclinicaltrial.com\/wp-content\/uploads\/2021\/11\/logo-edelife.png","contentUrl":"https:\/\/edelifeclinicaltrial.com\/wp-content\/uploads\/2021\/11\/logo-edelife.png","width":733,"height":485,"caption":"Edelife"},"image":{"@id":"https:\/\/edelifeclinicaltrial.com\/es\/#\/schema\/logo\/image\/"}}]}},"_links":{"self":[{"href":"https:\/\/edelifeclinicaltrial.com\/es\/wp-json\/wp\/v2\/pages\/1094","targetHints":{"allow":["GET"]}}],"collection":[{"href":"https:\/\/edelifeclinicaltrial.com\/es\/wp-json\/wp\/v2\/pages"}],"about":[{"href":"https:\/\/edelifeclinicaltrial.com\/es\/wp-json\/wp\/v2\/types\/page"}],"author":[{"embeddable":true,"href":"https:\/\/edelifeclinicaltrial.com\/es\/wp-json\/wp\/v2\/users\/2"}],"replies":[{"embeddable":true,"href":"https:\/\/edelifeclinicaltrial.com\/es\/wp-json\/wp\/v2\/comments?post=1094"}],"version-history":[{"count":8,"href":"https:\/\/edelifeclinicaltrial.com\/es\/wp-json\/wp\/v2\/pages\/1094\/revisions"}],"predecessor-version":[{"id":1797,"href":"https:\/\/edelifeclinicaltrial.com\/es\/wp-json\/wp\/v2\/pages\/1094\/revisions\/1797"}],"wp:attachment":[{"href":"https:\/\/edelifeclinicaltrial.com\/es\/wp-json\/wp\/v2\/media?parent=1094"}],"curies":[{"name":"wp","href":"https:\/\/api.w.org\/{rel}","templated":true}]}}