{"id":1087,"date":"2022-07-05T09:59:41","date_gmt":"2022-07-05T09:59:41","guid":{"rendered":"https:\/\/edelifeclinicaltrial.com\/?page_id=1087"},"modified":"2023-07-11T10:28:15","modified_gmt":"2023-07-11T10:28:15","slug":"avisos-legales","status":"publish","type":"page","link":"https:\/\/edelifeclinicaltrial.com\/es\/avisos-legales\/","title":{"rendered":"Avisos legales"},"content":{"rendered":"\n<h3 class=\"wp-block-heading has-text-color\" style=\"color:#295493\">Editor<\/h3>\n\n\n\n<p><strong>Pierre Fabre M\u00e9dicament<\/strong><br>Soci\u00e9t\u00e9 par actions simplifi\u00e9e.&nbsp;<br>48&nbsp;974&nbsp;975,00 Euros<br>Les Cauquillous \u2013 81500 LAVAUR - France&nbsp;<\/p>\n\n\n\n<div style=\"height:30px\" aria-hidden=\"true\" class=\"wp-block-spacer\"><\/div>\n\n\n\n<h3 class=\"wp-block-heading has-text-color\" style=\"color:#295493\">Director de publicaci\u00f3n<\/h3>\n\n\n\n<p><strong>Pierre Fabre M\u00e9dicament<\/strong><\/p>\n\n\n\n<div style=\"height:30px\" aria-hidden=\"true\" class=\"wp-block-spacer\"><\/div>\n\n\n\n<h3 class=\"wp-block-heading has-text-color\" style=\"color:#295493\">Gesti\u00f3n de proyectos<\/h3>\n\n\n\n<p><strong>Hugues Joublin<\/strong> \u2013 hugues@saliencecommunication.com<br>Salience Communication \u2013 7 rue de l\u2019Eglise \u2013 78117 Ch\u00e2teaufort - France<\/p>\n\n\n\n<div style=\"height:30px\" aria-hidden=\"true\" class=\"wp-block-spacer\"><\/div>\n\n\n\n<h3 class=\"wp-block-heading has-text-color\" style=\"color:#295493\">Dise\u00f1o y desarrollo<\/h3>\n\n\n\n<p><strong>Vincent Beslay<\/strong><\/p>\n\n\n\n<div style=\"height:30px\" aria-hidden=\"true\" class=\"wp-block-spacer\"><\/div>\n\n\n\n<h3 class=\"wp-block-heading has-text-color\" style=\"color:#295493\">Alojamiento<\/h3>\n\n\n\n<p><strong>Infomaniak<\/strong><br>25 Eug\u00e8ne-Marziano<br>1227 Gen\u00e8ve<br>Suisse<\/p>\n","protected":false},"excerpt":{"rendered":"<p>Editor Pierre Fabre M\u00e9dicamentSoci\u00e9t\u00e9 par actions simplifi\u00e9e.&nbsp;48&nbsp;974&nbsp;975,00 EurosLes Cauquillous \u2013 81500 LAVAUR - France&nbsp; Director de publicaci\u00f3n Pierre Fabre M\u00e9dicament Gesti\u00f3n de proyectos Hugues Joublin \u2013 hugues@saliencecommunication.comSalience Communication \u2013 7 rue de l\u2019Eglise \u2013 78117 Ch\u00e2teaufort - France Dise\u00f1o y desarrollo Vincent Beslay Alojamiento Infomaniak25 Eug\u00e8ne-Marziano1227 Gen\u00e8veSuisse<\/p>\n","protected":false},"author":2,"featured_media":0,"parent":0,"menu_order":0,"comment_status":"closed","ping_status":"closed","template":"","meta":{"footnotes":""},"class_list":["post-1087","page","type-page","status-publish","hentry"],"yoast_head":"<!-- This site is optimized with the Yoast SEO plugin v27.4 - https:\/\/yoast.com\/product\/yoast-seo-wordpress\/ -->\n<title>Avisos legales | Edelife<\/title>\n<meta name=\"description\" content=\"A prenatal study for XLHED affected boys\" \/>\n<meta name=\"robots\" content=\"index, follow, max-snippet:-1, max-image-preview:large, max-video-preview:-1\" \/>\n<link rel=\"canonical\" href=\"https:\/\/edelifeclinicaltrial.com\/es\/avisos-legales\/\" \/>\n<meta property=\"og:locale\" content=\"es_ES\" \/>\n<meta property=\"og:type\" content=\"article\" \/>\n<meta property=\"og:title\" content=\"Avisos legales | Edelife\" \/>\n<meta property=\"og:description\" content=\"A prenatal study for XLHED affected boys\" \/>\n<meta property=\"og:url\" content=\"https:\/\/edelifeclinicaltrial.com\/es\/avisos-legales\/\" \/>\n<meta property=\"og:site_name\" content=\"Edelife\" \/>\n<meta property=\"article:modified_time\" content=\"2023-07-11T10:28:15+00:00\" \/>\n<meta name=\"twitter:card\" content=\"summary_large_image\" \/>\n<script type=\"application\/ld+json\" class=\"yoast-schema-graph\">{\"@context\":\"https:\\\/\\\/schema.org\",\"@graph\":[{\"@type\":\"WebPage\",\"@id\":\"https:\\\/\\\/edelifeclinicaltrial.com\\\/es\\\/avisos-legales\\\/\",\"url\":\"https:\\\/\\\/edelifeclinicaltrial.com\\\/es\\\/avisos-legales\\\/\",\"name\":\"Avisos legales | Edelife\",\"isPartOf\":{\"@id\":\"https:\\\/\\\/edelifeclinicaltrial.com\\\/es\\\/#website\"},\"datePublished\":\"2022-07-05T09:59:41+00:00\",\"dateModified\":\"2023-07-11T10:28:15+00:00\",\"description\":\"A prenatal study for XLHED affected boys\",\"breadcrumb\":{\"@id\":\"https:\\\/\\\/edelifeclinicaltrial.com\\\/es\\\/avisos-legales\\\/#breadcrumb\"},\"inLanguage\":\"es\",\"potentialAction\":[{\"@type\":\"ReadAction\",\"target\":[\"https:\\\/\\\/edelifeclinicaltrial.com\\\/es\\\/avisos-legales\\\/\"]}]},{\"@type\":\"BreadcrumbList\",\"@id\":\"https:\\\/\\\/edelifeclinicaltrial.com\\\/es\\\/avisos-legales\\\/#breadcrumb\",\"itemListElement\":[{\"@type\":\"ListItem\",\"position\":1,\"name\":\"Home\",\"item\":\"https:\\\/\\\/edelifeclinicaltrial.com\\\/es\\\/\"},{\"@type\":\"ListItem\",\"position\":2,\"name\":\"Avisos legales\"}]},{\"@type\":\"WebSite\",\"@id\":\"https:\\\/\\\/edelifeclinicaltrial.com\\\/es\\\/#website\",\"url\":\"https:\\\/\\\/edelifeclinicaltrial.com\\\/es\\\/\",\"name\":\"Edelife\",\"description\":\"A prenatal clinical study for pregnant mothers and their unborn XLHED-affected sons\",\"publisher\":{\"@id\":\"https:\\\/\\\/edelifeclinicaltrial.com\\\/es\\\/#organization\"},\"potentialAction\":[{\"@type\":\"SearchAction\",\"target\":{\"@type\":\"EntryPoint\",\"urlTemplate\":\"https:\\\/\\\/edelifeclinicaltrial.com\\\/es\\\/?s={search_term_string}\"},\"query-input\":{\"@type\":\"PropertyValueSpecification\",\"valueRequired\":true,\"valueName\":\"search_term_string\"}}],\"inLanguage\":\"es\"},{\"@type\":\"Organization\",\"@id\":\"https:\\\/\\\/edelifeclinicaltrial.com\\\/es\\\/#organization\",\"name\":\"Edelife\",\"url\":\"https:\\\/\\\/edelifeclinicaltrial.com\\\/es\\\/\",\"logo\":{\"@type\":\"ImageObject\",\"inLanguage\":\"es\",\"@id\":\"https:\\\/\\\/edelifeclinicaltrial.com\\\/es\\\/#\\\/schema\\\/logo\\\/image\\\/\",\"url\":\"https:\\\/\\\/edelifeclinicaltrial.com\\\/wp-content\\\/uploads\\\/2021\\\/11\\\/logo-edelife.png\",\"contentUrl\":\"https:\\\/\\\/edelifeclinicaltrial.com\\\/wp-content\\\/uploads\\\/2021\\\/11\\\/logo-edelife.png\",\"width\":733,\"height\":485,\"caption\":\"Edelife\"},\"image\":{\"@id\":\"https:\\\/\\\/edelifeclinicaltrial.com\\\/es\\\/#\\\/schema\\\/logo\\\/image\\\/\"}}]}<\/script>\n<!-- \/ Yoast SEO plugin. -->","yoast_head_json":{"title":"Avisos legales | Edelife","description":"A prenatal study for XLHED affected boys","robots":{"index":"index","follow":"follow","max-snippet":"max-snippet:-1","max-image-preview":"max-image-preview:large","max-video-preview":"max-video-preview:-1"},"canonical":"https:\/\/edelifeclinicaltrial.com\/es\/avisos-legales\/","og_locale":"es_ES","og_type":"article","og_title":"Avisos legales | Edelife","og_description":"A prenatal study for XLHED affected boys","og_url":"https:\/\/edelifeclinicaltrial.com\/es\/avisos-legales\/","og_site_name":"Edelife","article_modified_time":"2023-07-11T10:28:15+00:00","twitter_card":"summary_large_image","schema":{"@context":"https:\/\/schema.org","@graph":[{"@type":"WebPage","@id":"https:\/\/edelifeclinicaltrial.com\/es\/avisos-legales\/","url":"https:\/\/edelifeclinicaltrial.com\/es\/avisos-legales\/","name":"Avisos legales | Edelife","isPartOf":{"@id":"https:\/\/edelifeclinicaltrial.com\/es\/#website"},"datePublished":"2022-07-05T09:59:41+00:00","dateModified":"2023-07-11T10:28:15+00:00","description":"A prenatal study for XLHED affected boys","breadcrumb":{"@id":"https:\/\/edelifeclinicaltrial.com\/es\/avisos-legales\/#breadcrumb"},"inLanguage":"es","potentialAction":[{"@type":"ReadAction","target":["https:\/\/edelifeclinicaltrial.com\/es\/avisos-legales\/"]}]},{"@type":"BreadcrumbList","@id":"https:\/\/edelifeclinicaltrial.com\/es\/avisos-legales\/#breadcrumb","itemListElement":[{"@type":"ListItem","position":1,"name":"Home","item":"https:\/\/edelifeclinicaltrial.com\/es\/"},{"@type":"ListItem","position":2,"name":"Avisos legales"}]},{"@type":"WebSite","@id":"https:\/\/edelifeclinicaltrial.com\/es\/#website","url":"https:\/\/edelifeclinicaltrial.com\/es\/","name":"Edelife","description":"A prenatal clinical study for pregnant mothers and their unborn XLHED-affected sons","publisher":{"@id":"https:\/\/edelifeclinicaltrial.com\/es\/#organization"},"potentialAction":[{"@type":"SearchAction","target":{"@type":"EntryPoint","urlTemplate":"https:\/\/edelifeclinicaltrial.com\/es\/?s={search_term_string}"},"query-input":{"@type":"PropertyValueSpecification","valueRequired":true,"valueName":"search_term_string"}}],"inLanguage":"es"},{"@type":"Organization","@id":"https:\/\/edelifeclinicaltrial.com\/es\/#organization","name":"Edelife","url":"https:\/\/edelifeclinicaltrial.com\/es\/","logo":{"@type":"ImageObject","inLanguage":"es","@id":"https:\/\/edelifeclinicaltrial.com\/es\/#\/schema\/logo\/image\/","url":"https:\/\/edelifeclinicaltrial.com\/wp-content\/uploads\/2021\/11\/logo-edelife.png","contentUrl":"https:\/\/edelifeclinicaltrial.com\/wp-content\/uploads\/2021\/11\/logo-edelife.png","width":733,"height":485,"caption":"Edelife"},"image":{"@id":"https:\/\/edelifeclinicaltrial.com\/es\/#\/schema\/logo\/image\/"}}]}},"_links":{"self":[{"href":"https:\/\/edelifeclinicaltrial.com\/es\/wp-json\/wp\/v2\/pages\/1087","targetHints":{"allow":["GET"]}}],"collection":[{"href":"https:\/\/edelifeclinicaltrial.com\/es\/wp-json\/wp\/v2\/pages"}],"about":[{"href":"https:\/\/edelifeclinicaltrial.com\/es\/wp-json\/wp\/v2\/types\/page"}],"author":[{"embeddable":true,"href":"https:\/\/edelifeclinicaltrial.com\/es\/wp-json\/wp\/v2\/users\/2"}],"replies":[{"embeddable":true,"href":"https:\/\/edelifeclinicaltrial.com\/es\/wp-json\/wp\/v2\/comments?post=1087"}],"version-history":[{"count":5,"href":"https:\/\/edelifeclinicaltrial.com\/es\/wp-json\/wp\/v2\/pages\/1087\/revisions"}],"predecessor-version":[{"id":1796,"href":"https:\/\/edelifeclinicaltrial.com\/es\/wp-json\/wp\/v2\/pages\/1087\/revisions\/1796"}],"wp:attachment":[{"href":"https:\/\/edelifeclinicaltrial.com\/es\/wp-json\/wp\/v2\/media?parent=1087"}],"curies":[{"name":"wp","href":"https:\/\/api.w.org\/{rel}","templated":true}]}}