{"id":1081,"date":"2022-07-05T09:01:22","date_gmt":"2022-07-05T09:01:22","guid":{"rendered":"https:\/\/edelifeclinicaltrial.com\/?page_id=1081"},"modified":"2023-07-11T10:31:42","modified_gmt":"2023-07-11T10:31:42","slug":"recursos-y-videos","status":"publish","type":"page","link":"https:\/\/edelifeclinicaltrial.com\/es\/recursos-y-videos\/","title":{"rendered":"Recursos y v\u00eddeos"},"content":{"rendered":"","protected":false},"excerpt":{"rendered":"","protected":false},"author":1,"featured_media":0,"parent":0,"menu_order":8,"comment_status":"closed","ping_status":"closed","template":"","meta":{"footnotes":""},"class_list":["post-1081","page","type-page","status-publish","hentry"],"yoast_head":"<!-- This site is optimized with the Yoast SEO plugin v27.5 - https:\/\/yoast.com\/product\/yoast-seo-wordpress\/ -->\n<title>Recursos y v\u00eddeos | Edelife<\/title>\n<meta name=\"description\" content=\"P\u00f3ngase en contacto con la asociaci\u00f3n de pacientes afectados por displasia ectod\u00e9rmica m\u00e1s cercana. Vea el v\u00eddeo para obtener m\u00e1s informaci\u00f3n sobre la carga que suponen los s\u00edntomas de la XLHED y el tratamiento experimental.\" \/>\n<meta name=\"robots\" content=\"index, follow, max-snippet:-1, max-image-preview:large, max-video-preview:-1\" \/>\n<link rel=\"canonical\" href=\"https:\/\/edelifeclinicaltrial.com\/es\/recursos-y-videos\/\" \/>\n<meta property=\"og:locale\" content=\"es_ES\" \/>\n<meta property=\"og:type\" content=\"article\" \/>\n<meta property=\"og:title\" content=\"Recursos y v\u00eddeos | Edelife\" \/>\n<meta property=\"og:description\" content=\"P\u00f3ngase en contacto con la asociaci\u00f3n de pacientes afectados por displasia ectod\u00e9rmica m\u00e1s cercana. Vea el v\u00eddeo para obtener m\u00e1s informaci\u00f3n sobre la carga que suponen los s\u00edntomas de la XLHED y el tratamiento experimental.\" \/>\n<meta property=\"og:url\" content=\"https:\/\/edelifeclinicaltrial.com\/es\/recursos-y-videos\/\" \/>\n<meta property=\"og:site_name\" content=\"Edelife\" \/>\n<meta property=\"article:modified_time\" content=\"2023-07-11T10:31:42+00:00\" \/>\n<meta name=\"twitter:card\" content=\"summary_large_image\" \/>\n<script type=\"application\/ld+json\" class=\"yoast-schema-graph\">{\"@context\":\"https:\\\/\\\/schema.org\",\"@graph\":[{\"@type\":\"WebPage\",\"@id\":\"https:\\\/\\\/edelifeclinicaltrial.com\\\/es\\\/recursos-y-videos\\\/\",\"url\":\"https:\\\/\\\/edelifeclinicaltrial.com\\\/es\\\/recursos-y-videos\\\/\",\"name\":\"Recursos y v\u00eddeos | Edelife\",\"isPartOf\":{\"@id\":\"https:\\\/\\\/edelifeclinicaltrial.com\\\/es\\\/#website\"},\"datePublished\":\"2022-07-05T09:01:22+00:00\",\"dateModified\":\"2023-07-11T10:31:42+00:00\",\"description\":\"P\u00f3ngase en contacto con la asociaci\u00f3n de pacientes afectados por displasia ectod\u00e9rmica m\u00e1s cercana. Vea el v\u00eddeo para obtener m\u00e1s informaci\u00f3n sobre la carga que suponen los s\u00edntomas de la XLHED y el tratamiento experimental.\",\"breadcrumb\":{\"@id\":\"https:\\\/\\\/edelifeclinicaltrial.com\\\/es\\\/recursos-y-videos\\\/#breadcrumb\"},\"inLanguage\":\"es\",\"potentialAction\":[{\"@type\":\"ReadAction\",\"target\":[\"https:\\\/\\\/edelifeclinicaltrial.com\\\/es\\\/recursos-y-videos\\\/\"]}]},{\"@type\":\"BreadcrumbList\",\"@id\":\"https:\\\/\\\/edelifeclinicaltrial.com\\\/es\\\/recursos-y-videos\\\/#breadcrumb\",\"itemListElement\":[{\"@type\":\"ListItem\",\"position\":1,\"name\":\"Home\",\"item\":\"https:\\\/\\\/edelifeclinicaltrial.com\\\/es\\\/\"},{\"@type\":\"ListItem\",\"position\":2,\"name\":\"Recursos y v\u00eddeos\"}]},{\"@type\":\"WebSite\",\"@id\":\"https:\\\/\\\/edelifeclinicaltrial.com\\\/es\\\/#website\",\"url\":\"https:\\\/\\\/edelifeclinicaltrial.com\\\/es\\\/\",\"name\":\"Edelife\",\"description\":\"A prenatal clinical study for pregnant mothers and their unborn XLHED-affected sons\",\"publisher\":{\"@id\":\"https:\\\/\\\/edelifeclinicaltrial.com\\\/es\\\/#organization\"},\"potentialAction\":[{\"@type\":\"SearchAction\",\"target\":{\"@type\":\"EntryPoint\",\"urlTemplate\":\"https:\\\/\\\/edelifeclinicaltrial.com\\\/es\\\/?s={search_term_string}\"},\"query-input\":{\"@type\":\"PropertyValueSpecification\",\"valueRequired\":true,\"valueName\":\"search_term_string\"}}],\"inLanguage\":\"es\"},{\"@type\":\"Organization\",\"@id\":\"https:\\\/\\\/edelifeclinicaltrial.com\\\/es\\\/#organization\",\"name\":\"Edelife\",\"url\":\"https:\\\/\\\/edelifeclinicaltrial.com\\\/es\\\/\",\"logo\":{\"@type\":\"ImageObject\",\"inLanguage\":\"es\",\"@id\":\"https:\\\/\\\/edelifeclinicaltrial.com\\\/es\\\/#\\\/schema\\\/logo\\\/image\\\/\",\"url\":\"https:\\\/\\\/edelifeclinicaltrial.com\\\/wp-content\\\/uploads\\\/2021\\\/11\\\/logo-edelife.png\",\"contentUrl\":\"https:\\\/\\\/edelifeclinicaltrial.com\\\/wp-content\\\/uploads\\\/2021\\\/11\\\/logo-edelife.png\",\"width\":733,\"height\":485,\"caption\":\"Edelife\"},\"image\":{\"@id\":\"https:\\\/\\\/edelifeclinicaltrial.com\\\/es\\\/#\\\/schema\\\/logo\\\/image\\\/\"}}]}<\/script>\n<!-- \/ Yoast SEO plugin. -->","yoast_head_json":{"title":"Recursos y v\u00eddeos | Edelife","description":"P\u00f3ngase en contacto con la asociaci\u00f3n de pacientes afectados por displasia ectod\u00e9rmica m\u00e1s cercana. Vea el v\u00eddeo para obtener m\u00e1s informaci\u00f3n sobre la carga que suponen los s\u00edntomas de la XLHED y el tratamiento experimental.","robots":{"index":"index","follow":"follow","max-snippet":"max-snippet:-1","max-image-preview":"max-image-preview:large","max-video-preview":"max-video-preview:-1"},"canonical":"https:\/\/edelifeclinicaltrial.com\/es\/recursos-y-videos\/","og_locale":"es_ES","og_type":"article","og_title":"Recursos y v\u00eddeos | Edelife","og_description":"P\u00f3ngase en contacto con la asociaci\u00f3n de pacientes afectados por displasia ectod\u00e9rmica m\u00e1s cercana. Vea el v\u00eddeo para obtener m\u00e1s informaci\u00f3n sobre la carga que suponen los s\u00edntomas de la XLHED y el tratamiento experimental.","og_url":"https:\/\/edelifeclinicaltrial.com\/es\/recursos-y-videos\/","og_site_name":"Edelife","article_modified_time":"2023-07-11T10:31:42+00:00","twitter_card":"summary_large_image","schema":{"@context":"https:\/\/schema.org","@graph":[{"@type":"WebPage","@id":"https:\/\/edelifeclinicaltrial.com\/es\/recursos-y-videos\/","url":"https:\/\/edelifeclinicaltrial.com\/es\/recursos-y-videos\/","name":"Recursos y v\u00eddeos | Edelife","isPartOf":{"@id":"https:\/\/edelifeclinicaltrial.com\/es\/#website"},"datePublished":"2022-07-05T09:01:22+00:00","dateModified":"2023-07-11T10:31:42+00:00","description":"P\u00f3ngase en contacto con la asociaci\u00f3n de pacientes afectados por displasia ectod\u00e9rmica m\u00e1s cercana. Vea el v\u00eddeo para obtener m\u00e1s informaci\u00f3n sobre la carga que suponen los s\u00edntomas de la XLHED y el tratamiento experimental.","breadcrumb":{"@id":"https:\/\/edelifeclinicaltrial.com\/es\/recursos-y-videos\/#breadcrumb"},"inLanguage":"es","potentialAction":[{"@type":"ReadAction","target":["https:\/\/edelifeclinicaltrial.com\/es\/recursos-y-videos\/"]}]},{"@type":"BreadcrumbList","@id":"https:\/\/edelifeclinicaltrial.com\/es\/recursos-y-videos\/#breadcrumb","itemListElement":[{"@type":"ListItem","position":1,"name":"Home","item":"https:\/\/edelifeclinicaltrial.com\/es\/"},{"@type":"ListItem","position":2,"name":"Recursos y v\u00eddeos"}]},{"@type":"WebSite","@id":"https:\/\/edelifeclinicaltrial.com\/es\/#website","url":"https:\/\/edelifeclinicaltrial.com\/es\/","name":"Edelife","description":"A prenatal clinical study for pregnant mothers and their unborn XLHED-affected sons","publisher":{"@id":"https:\/\/edelifeclinicaltrial.com\/es\/#organization"},"potentialAction":[{"@type":"SearchAction","target":{"@type":"EntryPoint","urlTemplate":"https:\/\/edelifeclinicaltrial.com\/es\/?s={search_term_string}"},"query-input":{"@type":"PropertyValueSpecification","valueRequired":true,"valueName":"search_term_string"}}],"inLanguage":"es"},{"@type":"Organization","@id":"https:\/\/edelifeclinicaltrial.com\/es\/#organization","name":"Edelife","url":"https:\/\/edelifeclinicaltrial.com\/es\/","logo":{"@type":"ImageObject","inLanguage":"es","@id":"https:\/\/edelifeclinicaltrial.com\/es\/#\/schema\/logo\/image\/","url":"https:\/\/edelifeclinicaltrial.com\/wp-content\/uploads\/2021\/11\/logo-edelife.png","contentUrl":"https:\/\/edelifeclinicaltrial.com\/wp-content\/uploads\/2021\/11\/logo-edelife.png","width":733,"height":485,"caption":"Edelife"},"image":{"@id":"https:\/\/edelifeclinicaltrial.com\/es\/#\/schema\/logo\/image\/"}}]}},"_links":{"self":[{"href":"https:\/\/edelifeclinicaltrial.com\/es\/wp-json\/wp\/v2\/pages\/1081","targetHints":{"allow":["GET"]}}],"collection":[{"href":"https:\/\/edelifeclinicaltrial.com\/es\/wp-json\/wp\/v2\/pages"}],"about":[{"href":"https:\/\/edelifeclinicaltrial.com\/es\/wp-json\/wp\/v2\/types\/page"}],"author":[{"embeddable":true,"href":"https:\/\/edelifeclinicaltrial.com\/es\/wp-json\/wp\/v2\/users\/1"}],"replies":[{"embeddable":true,"href":"https:\/\/edelifeclinicaltrial.com\/es\/wp-json\/wp\/v2\/comments?post=1081"}],"version-history":[{"count":2,"href":"https:\/\/edelifeclinicaltrial.com\/es\/wp-json\/wp\/v2\/pages\/1081\/revisions"}],"predecessor-version":[{"id":1795,"href":"https:\/\/edelifeclinicaltrial.com\/es\/wp-json\/wp\/v2\/pages\/1081\/revisions\/1795"}],"wp:attachment":[{"href":"https:\/\/edelifeclinicaltrial.com\/es\/wp-json\/wp\/v2\/media?parent=1081"}],"curies":[{"name":"wp","href":"https:\/\/api.w.org\/{rel}","templated":true}]}}