{"id":1060,"date":"2022-07-04T15:15:07","date_gmt":"2022-07-04T15:15:07","guid":{"rendered":"https:\/\/edelifeclinicaltrial.com\/?page_id=1060"},"modified":"2023-07-11T10:30:29","modified_gmt":"2023-07-11T10:30:29","slug":"sobre-edelife","status":"publish","type":"page","link":"https:\/\/edelifeclinicaltrial.com\/es\/sobre-edelife\/","title":{"rendered":"Sobre Edelife"},"content":{"rendered":"","protected":false},"excerpt":{"rendered":"","protected":false},"author":2,"featured_media":0,"parent":0,"menu_order":2,"comment_status":"closed","ping_status":"closed","template":"","meta":{"footnotes":""},"class_list":["post-1060","page","type-page","status-publish","hentry"],"yoast_head":"<!-- This site is optimized with the Yoast SEO plugin v27.4 - https:\/\/yoast.com\/product\/yoast-seo-wordpress\/ -->\n<title>Sobre Edelife | Edelife<\/title>\n<meta name=\"description\" content=\"M\u00e1s informaci\u00f3n sobre c\u00f3mo participar en Edelife. Inscripci\u00f3n obligatoria antes de la semana 23 del embarazo. No se administra ning\u00fan tratamiento despu\u00e9s del nacimiento del ni\u00f1o. P\u00f3ngase en contacto con un m\u00e9dico del estudio.\" \/>\n<meta name=\"robots\" content=\"index, follow, max-snippet:-1, max-image-preview:large, max-video-preview:-1\" \/>\n<link rel=\"canonical\" href=\"https:\/\/edelifeclinicaltrial.com\/es\/sobre-edelife\/\" \/>\n<meta property=\"og:locale\" content=\"es_ES\" \/>\n<meta property=\"og:type\" content=\"article\" \/>\n<meta property=\"og:title\" content=\"Sobre Edelife | Edelife\" \/>\n<meta property=\"og:description\" content=\"M\u00e1s informaci\u00f3n sobre c\u00f3mo participar en Edelife. Inscripci\u00f3n obligatoria antes de la semana 23 del embarazo. No se administra ning\u00fan tratamiento despu\u00e9s del nacimiento del ni\u00f1o. P\u00f3ngase en contacto con un m\u00e9dico del estudio.\" \/>\n<meta property=\"og:url\" content=\"https:\/\/edelifeclinicaltrial.com\/es\/sobre-edelife\/\" \/>\n<meta property=\"og:site_name\" content=\"Edelife\" \/>\n<meta property=\"article:modified_time\" content=\"2023-07-11T10:30:29+00:00\" \/>\n<meta name=\"twitter:card\" content=\"summary_large_image\" \/>\n<script type=\"application\/ld+json\" class=\"yoast-schema-graph\">{\"@context\":\"https:\\\/\\\/schema.org\",\"@graph\":[{\"@type\":\"WebPage\",\"@id\":\"https:\\\/\\\/edelifeclinicaltrial.com\\\/es\\\/sobre-edelife\\\/\",\"url\":\"https:\\\/\\\/edelifeclinicaltrial.com\\\/es\\\/sobre-edelife\\\/\",\"name\":\"Sobre Edelife | Edelife\",\"isPartOf\":{\"@id\":\"https:\\\/\\\/edelifeclinicaltrial.com\\\/es\\\/#website\"},\"datePublished\":\"2022-07-04T15:15:07+00:00\",\"dateModified\":\"2023-07-11T10:30:29+00:00\",\"description\":\"M\u00e1s informaci\u00f3n sobre c\u00f3mo participar en Edelife. Inscripci\u00f3n obligatoria antes de la semana 23 del embarazo. No se administra ning\u00fan tratamiento despu\u00e9s del nacimiento del ni\u00f1o. P\u00f3ngase en contacto con un m\u00e9dico del estudio.\",\"breadcrumb\":{\"@id\":\"https:\\\/\\\/edelifeclinicaltrial.com\\\/es\\\/sobre-edelife\\\/#breadcrumb\"},\"inLanguage\":\"es\",\"potentialAction\":[{\"@type\":\"ReadAction\",\"target\":[\"https:\\\/\\\/edelifeclinicaltrial.com\\\/es\\\/sobre-edelife\\\/\"]}]},{\"@type\":\"BreadcrumbList\",\"@id\":\"https:\\\/\\\/edelifeclinicaltrial.com\\\/es\\\/sobre-edelife\\\/#breadcrumb\",\"itemListElement\":[{\"@type\":\"ListItem\",\"position\":1,\"name\":\"Home\",\"item\":\"https:\\\/\\\/edelifeclinicaltrial.com\\\/es\\\/\"},{\"@type\":\"ListItem\",\"position\":2,\"name\":\"Sobre Edelife\"}]},{\"@type\":\"WebSite\",\"@id\":\"https:\\\/\\\/edelifeclinicaltrial.com\\\/es\\\/#website\",\"url\":\"https:\\\/\\\/edelifeclinicaltrial.com\\\/es\\\/\",\"name\":\"Edelife\",\"description\":\"A prenatal clinical study for pregnant mothers and their unborn XLHED-affected sons\",\"publisher\":{\"@id\":\"https:\\\/\\\/edelifeclinicaltrial.com\\\/es\\\/#organization\"},\"potentialAction\":[{\"@type\":\"SearchAction\",\"target\":{\"@type\":\"EntryPoint\",\"urlTemplate\":\"https:\\\/\\\/edelifeclinicaltrial.com\\\/es\\\/?s={search_term_string}\"},\"query-input\":{\"@type\":\"PropertyValueSpecification\",\"valueRequired\":true,\"valueName\":\"search_term_string\"}}],\"inLanguage\":\"es\"},{\"@type\":\"Organization\",\"@id\":\"https:\\\/\\\/edelifeclinicaltrial.com\\\/es\\\/#organization\",\"name\":\"Edelife\",\"url\":\"https:\\\/\\\/edelifeclinicaltrial.com\\\/es\\\/\",\"logo\":{\"@type\":\"ImageObject\",\"inLanguage\":\"es\",\"@id\":\"https:\\\/\\\/edelifeclinicaltrial.com\\\/es\\\/#\\\/schema\\\/logo\\\/image\\\/\",\"url\":\"https:\\\/\\\/edelifeclinicaltrial.com\\\/wp-content\\\/uploads\\\/2021\\\/11\\\/logo-edelife.png\",\"contentUrl\":\"https:\\\/\\\/edelifeclinicaltrial.com\\\/wp-content\\\/uploads\\\/2021\\\/11\\\/logo-edelife.png\",\"width\":733,\"height\":485,\"caption\":\"Edelife\"},\"image\":{\"@id\":\"https:\\\/\\\/edelifeclinicaltrial.com\\\/es\\\/#\\\/schema\\\/logo\\\/image\\\/\"}}]}<\/script>\n<!-- \/ Yoast SEO plugin. -->","yoast_head_json":{"title":"Sobre Edelife | Edelife","description":"M\u00e1s informaci\u00f3n sobre c\u00f3mo participar en Edelife. Inscripci\u00f3n obligatoria antes de la semana 23 del embarazo. No se administra ning\u00fan tratamiento despu\u00e9s del nacimiento del ni\u00f1o. P\u00f3ngase en contacto con un m\u00e9dico del estudio.","robots":{"index":"index","follow":"follow","max-snippet":"max-snippet:-1","max-image-preview":"max-image-preview:large","max-video-preview":"max-video-preview:-1"},"canonical":"https:\/\/edelifeclinicaltrial.com\/es\/sobre-edelife\/","og_locale":"es_ES","og_type":"article","og_title":"Sobre Edelife | Edelife","og_description":"M\u00e1s informaci\u00f3n sobre c\u00f3mo participar en Edelife. Inscripci\u00f3n obligatoria antes de la semana 23 del embarazo. No se administra ning\u00fan tratamiento despu\u00e9s del nacimiento del ni\u00f1o. P\u00f3ngase en contacto con un m\u00e9dico del estudio.","og_url":"https:\/\/edelifeclinicaltrial.com\/es\/sobre-edelife\/","og_site_name":"Edelife","article_modified_time":"2023-07-11T10:30:29+00:00","twitter_card":"summary_large_image","schema":{"@context":"https:\/\/schema.org","@graph":[{"@type":"WebPage","@id":"https:\/\/edelifeclinicaltrial.com\/es\/sobre-edelife\/","url":"https:\/\/edelifeclinicaltrial.com\/es\/sobre-edelife\/","name":"Sobre Edelife | Edelife","isPartOf":{"@id":"https:\/\/edelifeclinicaltrial.com\/es\/#website"},"datePublished":"2022-07-04T15:15:07+00:00","dateModified":"2023-07-11T10:30:29+00:00","description":"M\u00e1s informaci\u00f3n sobre c\u00f3mo participar en Edelife. Inscripci\u00f3n obligatoria antes de la semana 23 del embarazo. No se administra ning\u00fan tratamiento despu\u00e9s del nacimiento del ni\u00f1o. P\u00f3ngase en contacto con un m\u00e9dico del estudio.","breadcrumb":{"@id":"https:\/\/edelifeclinicaltrial.com\/es\/sobre-edelife\/#breadcrumb"},"inLanguage":"es","potentialAction":[{"@type":"ReadAction","target":["https:\/\/edelifeclinicaltrial.com\/es\/sobre-edelife\/"]}]},{"@type":"BreadcrumbList","@id":"https:\/\/edelifeclinicaltrial.com\/es\/sobre-edelife\/#breadcrumb","itemListElement":[{"@type":"ListItem","position":1,"name":"Home","item":"https:\/\/edelifeclinicaltrial.com\/es\/"},{"@type":"ListItem","position":2,"name":"Sobre Edelife"}]},{"@type":"WebSite","@id":"https:\/\/edelifeclinicaltrial.com\/es\/#website","url":"https:\/\/edelifeclinicaltrial.com\/es\/","name":"Edelife","description":"A prenatal clinical study for pregnant mothers and their unborn XLHED-affected sons","publisher":{"@id":"https:\/\/edelifeclinicaltrial.com\/es\/#organization"},"potentialAction":[{"@type":"SearchAction","target":{"@type":"EntryPoint","urlTemplate":"https:\/\/edelifeclinicaltrial.com\/es\/?s={search_term_string}"},"query-input":{"@type":"PropertyValueSpecification","valueRequired":true,"valueName":"search_term_string"}}],"inLanguage":"es"},{"@type":"Organization","@id":"https:\/\/edelifeclinicaltrial.com\/es\/#organization","name":"Edelife","url":"https:\/\/edelifeclinicaltrial.com\/es\/","logo":{"@type":"ImageObject","inLanguage":"es","@id":"https:\/\/edelifeclinicaltrial.com\/es\/#\/schema\/logo\/image\/","url":"https:\/\/edelifeclinicaltrial.com\/wp-content\/uploads\/2021\/11\/logo-edelife.png","contentUrl":"https:\/\/edelifeclinicaltrial.com\/wp-content\/uploads\/2021\/11\/logo-edelife.png","width":733,"height":485,"caption":"Edelife"},"image":{"@id":"https:\/\/edelifeclinicaltrial.com\/es\/#\/schema\/logo\/image\/"}}]}},"_links":{"self":[{"href":"https:\/\/edelifeclinicaltrial.com\/es\/wp-json\/wp\/v2\/pages\/1060","targetHints":{"allow":["GET"]}}],"collection":[{"href":"https:\/\/edelifeclinicaltrial.com\/es\/wp-json\/wp\/v2\/pages"}],"about":[{"href":"https:\/\/edelifeclinicaltrial.com\/es\/wp-json\/wp\/v2\/types\/page"}],"author":[{"embeddable":true,"href":"https:\/\/edelifeclinicaltrial.com\/es\/wp-json\/wp\/v2\/users\/2"}],"replies":[{"embeddable":true,"href":"https:\/\/edelifeclinicaltrial.com\/es\/wp-json\/wp\/v2\/comments?post=1060"}],"version-history":[{"count":2,"href":"https:\/\/edelifeclinicaltrial.com\/es\/wp-json\/wp\/v2\/pages\/1060\/revisions"}],"predecessor-version":[{"id":1793,"href":"https:\/\/edelifeclinicaltrial.com\/es\/wp-json\/wp\/v2\/pages\/1060\/revisions\/1793"}],"wp:attachment":[{"href":"https:\/\/edelifeclinicaltrial.com\/es\/wp-json\/wp\/v2\/media?parent=1060"}],"curies":[{"name":"wp","href":"https:\/\/api.w.org\/{rel}","templated":true}]}}