{"id":817,"date":"2022-06-07T10:20:33","date_gmt":"2022-06-07T10:20:33","guid":{"rendered":"https:\/\/edelifeclinicaltrial.com\/datenschutz-bestimmungen\/"},"modified":"2022-08-17T15:04:58","modified_gmt":"2022-08-17T15:04:58","slug":"datenschutz-bestimmungen","status":"publish","type":"page","link":"https:\/\/edelifeclinicaltrial.com\/de\/datenschutz-bestimmungen\/","title":{"rendered":"Datenschutz-Bestimmungen"},"content":{"rendered":"\n<h2 class=\"has-large-font-size wp-block-heading\">Politik zum Schutz personenbezogener Daten der Gruppe Pierre Fabre<\/h2>\n\n\n\n<p>Vielen Dank f\u00fcr Ihren Besuch auf unserer Website. Der Schutz und die Sicherheit der pers\u00f6nlichen Daten unserer Kunden und Nutzer ist f\u00fcr die Gruppe Pierre Fabre ein zentrales Anliegen.<\/p>\n\n\n\n<p>In dieser Datenschutzerkl\u00e4rung wird erl\u00e4utert, welche Daten beim Besuch und der Nutzung unserer Website erfasst und wie sie verarbeitet werden.<\/p>\n\n\n\n<h3 class=\"has-text-color wp-block-heading\" style=\"color:#295493\">I - Wer sind wir?<\/h3>\n\n\n\n<p>Diese Website (nachstehend die \"Website\") wird von Pierre Fabre M\u00e9dicament<\/p>\n\n\n\n<p>Soci\u00e9t\u00e9 par actions simplifi\u00e9e mit Sitz in Les Cauquillous - 81500 LAVAUR - Frankreich (im Folgenden \"Pierre Fabre\" oder \"wir\"), die f\u00fcr die Verarbeitung der personenbezogenen Daten verantwortlich ist, die von Ihnen auf der Website zu den nachstehend beschriebenen Zwecken erhoben werden k\u00f6nnen.<\/p>\n\n\n\n<p>Wir laden Sie ein, diese Datenschutzrichtlinie sorgf\u00e4ltig zu lesen, um die Bedingungen f\u00fcr die Verarbeitung Ihrer pers\u00f6nlichen Daten zu erfahren, wenn Sie unsere Website besuchen. Bitte beachten Sie, dass sie jederzeit von Pierre Fabre aktualisiert werden kann. Das Datum der letzten Aktualisierung wird auf dieser Seite angezeigt. Wir bitten Sie daher, sie regelm\u00e4\u00dfig zu lesen.<\/p>\n\n\n\n<h3 class=\"has-text-color wp-block-heading\" style=\"color:#295493\">II - Informationen, die wir \u00fcber Sie sammeln<\/h3>\n\n\n\n<p>Je nach den von Ihnen genutzten Diensten auf unserer Website und der von Ihnen gew\u00e4hlten Endger\u00e4tekonfiguration (insbesondere im Hinblick auf Cookies und andere Tracker) werden die Sie betreffenden personenbezogenen Daten (im Folgenden \"Ihre personenbezogenen Daten\") von Pierre Fabre erfasst und verarbeitet:<\/p>\n\n\n\n<p>Die von Ihrem Browser generierten Daten, die automatisch von unserem Server durch \"Cookies und andere Tracer\" gesammelt werden: Daten, die f\u00fcr die besuchten Seiten spezifisch sind: der Domain-Name; das Datum, die Uhrzeit und die Dauer Ihres Besuchs; die besuchten Seiten.<\/p>\n\n\n\n<p>Spezifische Daten zu Ihrer Person: Ihre IP-Adresse (Standort Ihres Zugangspunkts im Netz; Art des Browsers, Betriebssystem),<\/p>\n\n\n\n<p>Wir verwenden diese automatisch gesammelten pers\u00f6nlichen Daten nicht, um Sie zu identifizieren, noch bringen wir sie mit den oben genannten pers\u00f6nlichen Daten in Verbindung, die Sie uns zur Verf\u00fcgung stellen.<\/p>\n\n\n\n<p>Wir k\u00f6nnen personenbezogene Daten \u00fcber Sie auch von Dritten erhalten (z. B. von Profilen sozialer Netzwerke, wenn Sie sich mit Ihrem Profil in Ihrem Mitgliederbereich angemeldet haben).<\/p>\n\n\n\n<h3 class=\"has-text-color wp-block-heading\" style=\"color:#295493\">III - Zwecke der Verarbeitung Ihrer personenbezogenen Daten<\/h3>\n\n\n\n<p>Nachstehend finden Sie einen \u00dcberblick \u00fcber die Zwecke, zu denen wir Ihre personenbezogenen Daten verarbeiten, und die Gr\u00fcnde, aus denen wir sie verarbeiten m\u00fcssen.<\/p>\n\n\n\n<figure id=\"privacy-tables\" class=\"wp-block-table\"><table><thead><tr><th><strong>Zweck der Verarbeitung<\/strong><\/th><th><strong>Zugeh\u00f6rige Rechtsgrundlage<\/strong><\/th><\/tr><\/thead><tbody><tr><td>Statistische Analysen durchf\u00fchren<\/td><td>Ihr Einverst\u00e4ndnis<\/td><\/tr><\/tbody><\/table><\/figure>\n\n\n\n<h3 class=\"has-text-color wp-block-heading\" style=\"color:#295493\">IV - \u00dcbermittlung und Weitergabe von personenbezogenen Daten<\/h3>\n\n\n\n<p>Wir sind Teil der weltweiten Pierre Fabre Gruppe, und von Zeit zu Zeit kann es erforderlich sein, dass wir Ihre pers\u00f6nlichen Daten innerhalb der Pierre Fabre Gruppe zu den oben genannten Zwecken weitergeben.<\/p>\n\n\n\n<p>Wir k\u00f6nnen auch Dritte als Dienstleister beauftragen (die gem\u00e4\u00df unseren Anweisungen handeln), um uns bei der Bereitstellung von Informationen, Produkten oder Dienstleistungen zu unterst\u00fctzen, unsere Gesch\u00e4fte zu f\u00fchren und zu verwalten oder unsere Website zu verwalten und zu verbessern. In einem solchen Fall m\u00fcssen diese Dritten m\u00f6glicherweise auf Ihre personenbezogenen Daten zugreifen.<br>Wenn Ihre personenbezogenen Daten au\u00dferhalb des EWR (Europ\u00e4ischer Wirtschaftsraum) an andere Unternehmen der Pierre Fabre Gruppe oder an Dienstleister \u00fcbermittelt werden, werden wir Ma\u00dfnahmen ergreifen, um sicherzustellen, dass Ihre personenbezogenen Daten das gleiche Schutzniveau genie\u00dfen, wie wenn sie innerhalb des EWR verblieben w\u00e4ren, unter anderem durch den Abschluss von Daten\u00fcbermittlungsvertr\u00e4gen auf der Grundlage der von der Europ\u00e4ischen Kommission genehmigten Standardvertragsklauseln in ihrer aktualisierten oder \u00fcberarbeiteten Fassung oder anderer \u00dcbermittlungsmechanismen wie gegebenenfalls Angemessenheitsbeschl\u00fcsse, verbindliche unternehmensinterne Vorschriften oder von den EU-Datenschutzbeh\u00f6rden genehmigte Vertr\u00e4ge.<\/p>\n\n\n\n<p>Wir k\u00f6nnen Ihre pers\u00f6nlichen Daten auch an Dritte weitergeben, wenn Pierre Fabre oder Verm\u00f6genswerte, die sich in unserem Besitz oder in dem von verbundenen Unternehmen befinden, tats\u00e4chlich oder m\u00f6glicherweise verkauft werden. Wir werden auch auf Informationsanfragen antworten, wenn wir gesetzlich dazu verpflichtet sind oder wenn eine solche Offenlegung notwendig ist, um unsere Rechte zu sch\u00fctzen und\/oder um einer gerichtlichen Anordnung, einer Anfrage einer Aufsichtsbeh\u00f6rde oder einem anderen<\/p>\n\n\n\n<h3 class=\"has-text-color wp-block-heading\" style=\"color:#295493\">V - Aufbewahrung Ihrer personenbezogenen Daten<\/h3>\n\n\n\n<p>In der Regel bewahren wir Ihre personenbezogenen Daten nur so lange auf, wie es zur Erf\u00fcllung der Zwecke, f\u00fcr die sie erhoben wurden, erforderlich ist.<\/p>\n\n\n\n<p>Wir bewahren Ihre pers\u00f6nlichen Daten nur so lange auf, wie es f\u00fcr die Verwaltung der Beziehung zu Ihnen unbedingt erforderlich ist.<\/p>\n\n\n\n<p>Wir werden jedoch Ihre personenbezogenen Daten f\u00fcr Marketingzwecke f\u00fcr drei Jahre ab dem Datum der letzten Interaktion zwischen uns aufbewahren, wenn Sie kein Kunde sind, und solange wir mit Ihnen durch unsere Werbeaktivit\u00e4ten in Kontakt bleiben, wenn Sie ein Kunde sind, es sei denn, Sie widersprechen, wenn Sie eine unserer Marketingmitteilungen erhalten.<\/p>\n\n\n\n<p>Die aus Sicherheitsgr\u00fcnden erhobenen IP-Adressen werden nicht l\u00e4nger als 10 Tage gespeichert.<\/p>\n\n\n\n<p>Schlie\u00dflich werden die gesammelten Verbindungsprotokolle, sofern Sie zustimmen, unter Verwendung von Cookies und anderen auf unserer Website verwendeten Trackern f\u00fcr einen Zeitraum von h\u00f6chstens dreizehn (13) Monaten gem\u00e4\u00df den geltenden Gesetzen und Vorschriften aufbewahrt. Weitere Einzelheiten finden Sie im Abschnitt \"Cookies\" weiter unten.<\/p>\n\n\n\n<p>Es kann sein, dass wir Ihre personenbezogenen Daten \u00fcber den unten angegebenen Zeitraum hinaus archivieren m\u00fcssen, um unseren gesetzlichen Verpflichtungen nachzukommen oder, falls dies aufgrund der geltenden gesetzlichen Bestimmungen erforderlich ist, um eines unserer Rechte durchzusetzen.<\/p>\n\n\n\n<p>Sobald Ihre personenbezogenen Daten nicht mehr f\u00fcr die Zwecke oder f\u00fcr die Archivierung zur Erf\u00fcllung unserer rechtlichen Verpflichtungen oder f\u00fcr die Verj\u00e4hrung ben\u00f6tigt werden, stellen wir sicher, dass sie vernichtet oder anonymisiert werden.<\/p>\n\n\n\n<h3 class=\"has-text-color wp-block-heading\" style=\"color:#295493\">VI - Externe Links<\/h3>\n\n\n\n<p>Die Website kann Links zu Websites von Dritten enthalten. Da Pierre Fabre keine Kontrolle \u00fcber diese Websites hat und nicht f\u00fcr deren Datenschutzpraktiken verantwortlich ist, empfehlen wir Ihnen, sich \u00fcber die Datenschutzrichtlinien dieser Websites Dritter zu informieren. Diese Richtlinie gilt ausschlie\u00dflich f\u00fcr personenbezogene Daten, die \u00fcber unsere Websites oder im Rahmen unserer Aktivit\u00e4ten erhoben werden.<\/p>\n\n\n\n<h3 class=\"has-text-color wp-block-heading\" style=\"color:#295493\">VII - Ihre Rechte<\/h3>\n\n\n\n<p>In \u00dcbereinstimmung mit den geltenden Vorschriften haben Sie die folgenden Rechte in Bezug auf Ihre pers\u00f6nlichen Daten:<\/p>\n\n\n\n<ul class=\"wp-block-list\"><li>Sie k\u00f6nnen eine Kopie Ihrer pers\u00f6nlichen Daten, Informationen \u00fcber die Verarbeitungsmethoden und deren Rechtsgrundlage erhalten.<\/li><li>Berichtigung fehlerhafter personenbezogener Daten (einschlie\u00dflich des Rechts, unvollst\u00e4ndige personenbezogene Daten zu vervollst\u00e4ndigen);<\/li><li>Ihre personenbezogenen Daten zu l\u00f6schen, soweit die Rechtsgrundlage dies zul\u00e4sst. Dar\u00fcber hinaus gilt dieses Recht in einigen F\u00e4llen nur, wenn die Daten nicht mehr f\u00fcr die Zwecke, f\u00fcr die sie erhoben oder verarbeitet wurden, erforderlich sind.<\/li><li>die Verarbeitung Ihrer personenbezogenen Daten einzuschr\u00e4nken, wenn:<ul><li>Die Richtigkeit der personenbezogenen Daten wird bestritten;<\/li><li>Die Verarbeitung ist unrechtm\u00e4\u00dfig, aber Sie erheben Einspruch gegen die L\u00f6schung Ihrer personenbezogenen Daten.<\/li><li>Wir ben\u00f6tigen Ihre personenbezogenen Daten nicht mehr, aber sie sind weiterhin f\u00fcr die Begr\u00fcndung, Aus\u00fcbung oder Festlegung eines Rechts vor Gericht erforderlich.<\/li><\/ul><\/li><li>die \u00dcbertragbarkeit Ihrer personenbezogenen Daten in maschinenlesbarer Form an einen Dritten (oder an Sie) zu verlangen, wenn unsere Verarbeitung auf Ihrer Zustimmung oder der Erf\u00fcllung eines Vertrags mit Ihnen beruht.<\/li><li>eine Kopie der geeigneten Ma\u00dfnahmen zur \u00dcbermittlung Ihrer personenbezogenen Daten in ein Drittland oder an eine internationale Organisation zu erhalten oder einzusehen.<\/li><li>Ihre Einwilligung in die Verarbeitung Ihrer personenbezogenen Daten zu widerrufen (sofern diese Verarbeitung auf Ihrer Einwilligung beruht), ohne dass die Rechtm\u00e4\u00dfigkeit der auf der Einwilligung beruhenden Verarbeitung, die vor dem Widerruf der Einwilligung erfolgt ist, ber\u00fchrt wird.<\/li><li>allgemeine oder spezifische Anweisungen dar\u00fcber geben, wie Ihre personenbezogenen Daten nach Ihrem Tod verarbeitet und verwendet werden sollen.<\/li><li>Sie k\u00f6nnen jederzeit gegen die Verarbeitung zu Werbezwecken Widerspruch einlegen. Um eine telefonische Kontaktaufnahme zu vermeiden, k\u00f6nnen Sie sich in Frankreich kostenlos auf der Website <a href=\"https:\/\/www.bloctel.gouv.fr\/\" target=\"_blank\" rel=\"noreferrer noopener\">https:\/\/www.bloctel.gouv.fr\/<\/a> registrieren. In den anderen L\u00e4ndern wenden Sie sich bitte an Ihre \u00f6rtlichen Beh\u00f6rden.<\/li><li>Zus\u00e4tzlich zu den oben genannten Rechten haben Sie das Recht, der Verarbeitung folgender Daten zu widersprechen<\/li><\/ul>\n\n\n\n<p>Ihre personenbezogenen Daten, die durch das berechtigte Interesse von Pierre Fabre gerechtfertigt sind, einschlie\u00dflich Profiling (im Gegensatz zu einer Rechtfertigung durch Ihre Einwilligung oder zur Erf\u00fcllung eines Vertrags mit Ihnen).<\/p>\n\n\n\n<p>Sie haben auch das Recht, eine Beschwerde bei Ihrer \u00f6rtlichen Datenschutzaufsichtsbeh\u00f6rde einzureichen.<\/p>\n\n\n\n<p>Wenn Sie diese Rechte aus\u00fcben m\u00f6chten, wenden Sie sich bitte an uns, indem Sie die unten stehenden Kontaktdaten unter der Rubrik \"Kontakt\" verwenden. Bitte beachten Sie, dass wir Sie m\u00f6glicherweise um einen Identit\u00e4tsnachweis bitten und uns das Recht vorbehalten, eine Geb\u00fchr zu erheben, wenn wir gesetzlich dazu befugt sind, z. B. wenn Ihre Anfrage offensichtlich unbegr\u00fcndet oder \u00fcbertrieben ist. Wir werden uns bem\u00fchen, Ihre Anfrage innerhalb des geltenden Zeitrahmens zu beantworten.<\/p>\n\n\n\n<h3 class=\"has-text-color wp-block-heading\" style=\"color:#295493\">VIII - Kekse<\/h3>\n\n\n\n<p>Ein Cookie ist eine kleine Datei, die auf der Festplatte Ihres Ger\u00e4ts oder auf dem Server einer Website abgelegt werden kann. Wir verwenden Cookies, um bestimmte, oben beschriebene automatisch erfasste Informationen zu erhalten. Sie sind nicht verpflichtet, ein Cookie zu akzeptieren, und Sie k\u00f6nnen w\u00e4hlen, welches Cookie Sie akzeptieren wollen, indem Sie Ihren Browser so einstellen, dass er keine Cookies akzeptiert. Nat\u00fcrlich k\u00f6nnen Sie sich gegen das Vorhandensein von Cookies aussprechen und sie ablehnen oder l\u00f6schen. Zu diesem Zweck k\u00f6nnen Sie sie von Ihrem Ger\u00e4t l\u00f6schen, indem Sie die Hilfeseite des von Ihnen verwendeten Browsers konsultieren oder die Speicherung von \"Cookies\" ablehnen, indem Sie diese Funktion in Ihrem Browser deaktivieren<\/p>\n\n\n\n<h3 class=\"has-text-color wp-block-heading\" style=\"color:#295493\">IX - Arten von Cookies, die wir verwenden<\/h3>\n\n\n\n<p>Wir verwenden auf unserer Website verschiedene Arten von Cookies f\u00fcr unterschiedliche Zwecke: Diese Cookies sind als unbedingt notwendige Cookies, Leistungs-Cookies, Marketing-Cookies und funktionale Cookies bekannt. Einige Cookies k\u00f6nnen von Dritten zur Verf\u00fcgung gestellt werden, um unserer Website zus\u00e4tzliche Funktionen zu bieten, und sind unten aufgef\u00fchrt.<\/p>\n\n\n\n<p><strong>- Streng notwendige Cookies:<\/strong><\/p>\n\n\n\n<p>Diese Cookies sind f\u00fcr den Betrieb der Website erforderlich und k\u00f6nnen in unseren Systemen nicht deaktiviert werden. Sie werden in der Regel als Reaktion auf Aktionen gesetzt, die Sie durchgef\u00fchrt haben und die eine Anfrage nach Dienstleistungen darstellen, wie z. B. die Einstellung Ihrer Datenschutzeinstellungen, das Einloggen oder das Ausf\u00fcllen von Formularen. Sie k\u00f6nnen Ihren Browser so einstellen, dass er sie blockiert oder Sie \u00fcber das Vorhandensein dieser Cookies benachrichtigt, aber bestimmte Teile der Website k\u00f6nnen davon betroffen sein. In diesen Cookies werden keine personenbezogenen Daten gespeichert.<\/p>\n\n\n\n<p><strong>- Leistungs-Cookies:<\/strong><\/p>\n\n\n\n<p>Diese Cookies erm\u00f6glichen es uns, die Anzahl der Besuche und die Quellen des Datenverkehrs zu ermitteln, um die Leistung unserer Website zu messen und zu verbessern. Sie helfen uns auch dabei, festzustellen, welche Seiten am meisten\/am wenigsten besucht werden, und zu bewerten, wie Besucher durch die Website navigieren. Alle von diesen Cookies gesammelten Informationen sind aggregiert und daher anonymisiert. Wenn Sie diese Cookies nicht akzeptieren, werden wir nicht \u00fcber Ihren Besuch auf unserer Website informiert.<\/p>\n\n\n\n<p><strong>- Funktionale Cookies:<\/strong><\/p>\n\n\n\n<p>Diese Cookies erm\u00f6glichen es uns, die Funktionen der Website zu verbessern und zu personalisieren. Sie k\u00f6nnen von unseren Teams oder von Dritten aktiviert werden, deren Dienste auf den Seiten unserer Website genutzt werden. Wenn Sie diese Cookies nicht akzeptieren, k\u00f6nnen einige oder alle diese Dienste nicht richtig funktionieren.<\/p>\n\n\n\n<p>Nachstehend finden Sie eine Liste der Cookies, die Sie auf unserer Website verwenden:<\/p>\n\n\n\n<figure id=\"privacy-tables\" class=\"wp-block-table\"><table><thead><tr><th><strong>Kategorie<\/strong><\/th><th><strong>Typ<\/strong><\/th><th><strong>Name(n)<\/strong><\/th><th><strong>Name(n) der Anwendung<\/strong><\/th><th><strong>Haltbarkeitsdauer<\/strong><\/th><\/tr><\/thead><tbody><tr><td>Wir verwenden Matomo f\u00fcr Website-Statistiken<\/td><td>Sitzung<\/td><td>_pk_id<br>_pk_ses<\/td><td>Matomo<\/td><td>Speichern Sie eine eindeutige Benutzer-ID.<br>Speichern Sie eine eindeutige Sitzungs-ID.<br>Diese Daten werden nicht an Dritte weitergegeben.<\/td><\/tr><tr><td>Wir verwenden Complianz f\u00fcr die Verwaltung der Cookie-Zustimmung<\/td><td>365 Tage<\/td><td>cmplz_banner-status<\/td><td>Complianz<\/td><td>Speichern, wenn der Cookie-Banner abgelehnt wurde.<br>Diese Daten werden nicht an Dritte weitergegeben.<\/td><\/tr><tr><td>Wir verwenden WPML f\u00fcr die Gebietsschemaverwaltung<\/td><td>1 Tag<\/td><td>wp-wpml_current_language<\/td><td>WPML<\/td><td>Spracheinstellungen speichern.<br>Diese Daten werden nicht an Dritte weitergegeben.<\/td><\/tr><\/tbody><\/table><\/figure>\n\n\n\n<h3 class=\"has-text-color wp-block-heading\" style=\"color:#295493\">X - L\u00f6schung von Cookies<\/h3>\n\n\n\n<p>Wenn Sie Cookies ablehnen, werden wir keine weiteren Cookies auf Ihrem Ger\u00e4t platzieren, mit Ausnahme der oben genannten Funktions-Cookies (einschlie\u00dflich eines Cookies, der Sie daran erinnert, dass Sie keine Cookies beim Besuch der Website installieren lassen m\u00f6chten).<\/p>\n\n\n\n<p>Bitte beachten Sie jedoch, dass das L\u00f6schen oder Ablehnen bestimmter Cookies bestimmte Funktionen oder Dienste auf unserer Website beeintr\u00e4chtigen kann.<\/p>\n\n\n\n<h3 class=\"has-text-color wp-block-heading\" style=\"color:#295493\">XI - Aktualisierung der Datenschutzrichtlinie<\/h3>\n\n\n\n<p>Wir k\u00f6nnen diese Datenschutzrichtlinie jederzeit \u00e4ndern, um \u00c4nderungen in der Gesetzgebung und\/oder unseren Datenschutzpraktiken Rechnung zu tragen<\/p>\n\n\n\n<h3 class=\"has-text-color wp-block-heading\" style=\"color:#295493\">XII - Kontaktinformationen<\/h3>\n\n\n\n<p>Wenn Sie Fragen zu dieser Datenschutzerkl\u00e4rung haben oder eines Ihrer Rechte aus\u00fcben m\u00f6chten, wenden Sie sich bitte an unseren Datenschutzbeauftragten unter dpofr@pierre-fabre.com.<\/p>\n\n\n\n<p><em><em>Letzte \u00c4nderung: 16\/05\/2022<\/em><\/em><\/p>\n","protected":false},"excerpt":{"rendered":"<p>Politik zum Schutz personenbezogener Daten der Gruppe Pierre Fabre Vielen Dank f\u00fcr Ihren Besuch auf unserer Website. Der Schutz und die Sicherheit der pers\u00f6nlichen Daten unserer Kunden und Nutzer ist f\u00fcr die Gruppe Pierre Fabre ein zentrales Anliegen. In dieser Datenschutzerkl\u00e4rung wird erl\u00e4utert, welche Daten beim Besuch und der Nutzung unserer Website erfasst und wie [&hellip;]<\/p>\n","protected":false},"author":2,"featured_media":0,"parent":0,"menu_order":0,"comment_status":"closed","ping_status":"open","template":"","meta":{"footnotes":""},"class_list":["post-817","page","type-page","status-publish","hentry"],"yoast_head":"<!-- This site is optimized with the Yoast SEO plugin v27.5 - https:\/\/yoast.com\/product\/yoast-seo-wordpress\/ -->\n<title>Datenschutz-Bestimmungen | Edelife<\/title>\n<meta name=\"description\" content=\"A prenatal study for XLHED affected boys\" \/>\n<meta name=\"robots\" content=\"index, follow, max-snippet:-1, max-image-preview:large, max-video-preview:-1\" \/>\n<link rel=\"canonical\" href=\"https:\/\/edelifeclinicaltrial.com\/de\/datenschutz-bestimmungen\/\" \/>\n<meta property=\"og:locale\" content=\"de_DE\" \/>\n<meta property=\"og:type\" content=\"article\" \/>\n<meta property=\"og:title\" content=\"Datenschutz-Bestimmungen | Edelife\" \/>\n<meta property=\"og:description\" content=\"A prenatal study for XLHED affected boys\" \/>\n<meta property=\"og:url\" content=\"https:\/\/edelifeclinicaltrial.com\/de\/datenschutz-bestimmungen\/\" \/>\n<meta property=\"og:site_name\" content=\"Edelife\" \/>\n<meta property=\"article:modified_time\" content=\"2022-08-17T15:04:58+00:00\" \/>\n<meta name=\"twitter:card\" content=\"summary_large_image\" \/>\n<script type=\"application\/ld+json\" class=\"yoast-schema-graph\">{\"@context\":\"https:\\\/\\\/schema.org\",\"@graph\":[{\"@type\":\"WebPage\",\"@id\":\"https:\\\/\\\/edelifeclinicaltrial.com\\\/de\\\/datenschutz-bestimmungen\\\/\",\"url\":\"https:\\\/\\\/edelifeclinicaltrial.com\\\/de\\\/datenschutz-bestimmungen\\\/\",\"name\":\"Datenschutz-Bestimmungen | Edelife\",\"isPartOf\":{\"@id\":\"https:\\\/\\\/edelifeclinicaltrial.com\\\/de\\\/#website\"},\"datePublished\":\"2022-06-07T10:20:33+00:00\",\"dateModified\":\"2022-08-17T15:04:58+00:00\",\"description\":\"A prenatal study for XLHED affected boys\",\"breadcrumb\":{\"@id\":\"https:\\\/\\\/edelifeclinicaltrial.com\\\/de\\\/datenschutz-bestimmungen\\\/#breadcrumb\"},\"inLanguage\":\"de\",\"potentialAction\":[{\"@type\":\"ReadAction\",\"target\":[\"https:\\\/\\\/edelifeclinicaltrial.com\\\/de\\\/datenschutz-bestimmungen\\\/\"]}]},{\"@type\":\"BreadcrumbList\",\"@id\":\"https:\\\/\\\/edelifeclinicaltrial.com\\\/de\\\/datenschutz-bestimmungen\\\/#breadcrumb\",\"itemListElement\":[{\"@type\":\"ListItem\",\"position\":1,\"name\":\"Home\",\"item\":\"https:\\\/\\\/edelifeclinicaltrial.com\\\/de\\\/\"},{\"@type\":\"ListItem\",\"position\":2,\"name\":\"Datenschutz-Bestimmungen\"}]},{\"@type\":\"WebSite\",\"@id\":\"https:\\\/\\\/edelifeclinicaltrial.com\\\/de\\\/#website\",\"url\":\"https:\\\/\\\/edelifeclinicaltrial.com\\\/de\\\/\",\"name\":\"Edelife\",\"description\":\"A prenatal clinical study for pregnant mothers and their unborn XLHED-affected sons\",\"publisher\":{\"@id\":\"https:\\\/\\\/edelifeclinicaltrial.com\\\/de\\\/#organization\"},\"potentialAction\":[{\"@type\":\"SearchAction\",\"target\":{\"@type\":\"EntryPoint\",\"urlTemplate\":\"https:\\\/\\\/edelifeclinicaltrial.com\\\/de\\\/?s={search_term_string}\"},\"query-input\":{\"@type\":\"PropertyValueSpecification\",\"valueRequired\":true,\"valueName\":\"search_term_string\"}}],\"inLanguage\":\"de\"},{\"@type\":\"Organization\",\"@id\":\"https:\\\/\\\/edelifeclinicaltrial.com\\\/de\\\/#organization\",\"name\":\"Edelife\",\"url\":\"https:\\\/\\\/edelifeclinicaltrial.com\\\/de\\\/\",\"logo\":{\"@type\":\"ImageObject\",\"inLanguage\":\"de\",\"@id\":\"https:\\\/\\\/edelifeclinicaltrial.com\\\/de\\\/#\\\/schema\\\/logo\\\/image\\\/\",\"url\":\"https:\\\/\\\/edelifeclinicaltrial.com\\\/wp-content\\\/uploads\\\/2021\\\/11\\\/logo-edelife.png\",\"contentUrl\":\"https:\\\/\\\/edelifeclinicaltrial.com\\\/wp-content\\\/uploads\\\/2021\\\/11\\\/logo-edelife.png\",\"width\":733,\"height\":485,\"caption\":\"Edelife\"},\"image\":{\"@id\":\"https:\\\/\\\/edelifeclinicaltrial.com\\\/de\\\/#\\\/schema\\\/logo\\\/image\\\/\"}}]}<\/script>\n<!-- \/ Yoast SEO plugin. -->","yoast_head_json":{"title":"Datenschutz-Bestimmungen | Edelife","description":"A prenatal study for XLHED affected boys","robots":{"index":"index","follow":"follow","max-snippet":"max-snippet:-1","max-image-preview":"max-image-preview:large","max-video-preview":"max-video-preview:-1"},"canonical":"https:\/\/edelifeclinicaltrial.com\/de\/datenschutz-bestimmungen\/","og_locale":"de_DE","og_type":"article","og_title":"Datenschutz-Bestimmungen | Edelife","og_description":"A prenatal study for XLHED affected boys","og_url":"https:\/\/edelifeclinicaltrial.com\/de\/datenschutz-bestimmungen\/","og_site_name":"Edelife","article_modified_time":"2022-08-17T15:04:58+00:00","twitter_card":"summary_large_image","schema":{"@context":"https:\/\/schema.org","@graph":[{"@type":"WebPage","@id":"https:\/\/edelifeclinicaltrial.com\/de\/datenschutz-bestimmungen\/","url":"https:\/\/edelifeclinicaltrial.com\/de\/datenschutz-bestimmungen\/","name":"Datenschutz-Bestimmungen | Edelife","isPartOf":{"@id":"https:\/\/edelifeclinicaltrial.com\/de\/#website"},"datePublished":"2022-06-07T10:20:33+00:00","dateModified":"2022-08-17T15:04:58+00:00","description":"A prenatal study for XLHED affected boys","breadcrumb":{"@id":"https:\/\/edelifeclinicaltrial.com\/de\/datenschutz-bestimmungen\/#breadcrumb"},"inLanguage":"de","potentialAction":[{"@type":"ReadAction","target":["https:\/\/edelifeclinicaltrial.com\/de\/datenschutz-bestimmungen\/"]}]},{"@type":"BreadcrumbList","@id":"https:\/\/edelifeclinicaltrial.com\/de\/datenschutz-bestimmungen\/#breadcrumb","itemListElement":[{"@type":"ListItem","position":1,"name":"Home","item":"https:\/\/edelifeclinicaltrial.com\/de\/"},{"@type":"ListItem","position":2,"name":"Datenschutz-Bestimmungen"}]},{"@type":"WebSite","@id":"https:\/\/edelifeclinicaltrial.com\/de\/#website","url":"https:\/\/edelifeclinicaltrial.com\/de\/","name":"Edelife","description":"A prenatal clinical study for pregnant mothers and their unborn XLHED-affected sons","publisher":{"@id":"https:\/\/edelifeclinicaltrial.com\/de\/#organization"},"potentialAction":[{"@type":"SearchAction","target":{"@type":"EntryPoint","urlTemplate":"https:\/\/edelifeclinicaltrial.com\/de\/?s={search_term_string}"},"query-input":{"@type":"PropertyValueSpecification","valueRequired":true,"valueName":"search_term_string"}}],"inLanguage":"de"},{"@type":"Organization","@id":"https:\/\/edelifeclinicaltrial.com\/de\/#organization","name":"Edelife","url":"https:\/\/edelifeclinicaltrial.com\/de\/","logo":{"@type":"ImageObject","inLanguage":"de","@id":"https:\/\/edelifeclinicaltrial.com\/de\/#\/schema\/logo\/image\/","url":"https:\/\/edelifeclinicaltrial.com\/wp-content\/uploads\/2021\/11\/logo-edelife.png","contentUrl":"https:\/\/edelifeclinicaltrial.com\/wp-content\/uploads\/2021\/11\/logo-edelife.png","width":733,"height":485,"caption":"Edelife"},"image":{"@id":"https:\/\/edelifeclinicaltrial.com\/de\/#\/schema\/logo\/image\/"}}]}},"_links":{"self":[{"href":"https:\/\/edelifeclinicaltrial.com\/de\/wp-json\/wp\/v2\/pages\/817","targetHints":{"allow":["GET"]}}],"collection":[{"href":"https:\/\/edelifeclinicaltrial.com\/de\/wp-json\/wp\/v2\/pages"}],"about":[{"href":"https:\/\/edelifeclinicaltrial.com\/de\/wp-json\/wp\/v2\/types\/page"}],"author":[{"embeddable":true,"href":"https:\/\/edelifeclinicaltrial.com\/de\/wp-json\/wp\/v2\/users\/2"}],"replies":[{"embeddable":true,"href":"https:\/\/edelifeclinicaltrial.com\/de\/wp-json\/wp\/v2\/comments?post=817"}],"version-history":[{"count":9,"href":"https:\/\/edelifeclinicaltrial.com\/de\/wp-json\/wp\/v2\/pages\/817\/revisions"}],"predecessor-version":[{"id":933,"href":"https:\/\/edelifeclinicaltrial.com\/de\/wp-json\/wp\/v2\/pages\/817\/revisions\/933"}],"wp:attachment":[{"href":"https:\/\/edelifeclinicaltrial.com\/de\/wp-json\/wp\/v2\/media?parent=817"}],"curies":[{"name":"wp","href":"https:\/\/api.w.org\/{rel}","templated":true}]}}